{"id":14262,"date":"2023-06-07T08:55:25","date_gmt":"2023-06-07T06:55:25","guid":{"rendered":"https:\/\/srab.brussels\/?post_type=product&#038;p=14262"},"modified":"2025-11-23T13:47:55","modified_gmt":"2025-11-23T12:47:55","slug":"tome-78-2022","status":"publish","type":"product","link":"https:\/\/srab.brussels\/index.php\/produit\/tome-78-2022\/","title":{"rendered":"Tome 78 &#8211; 2022"},"content":{"rendered":"<p><strong>Annales de la Soci\u00e9t\u00e9 royale d&#8217;Arch\u00e9ologie de Bruxelles &#8211; tome 78 &#8211; 2022<\/strong><\/p>\n<p>Jean-Luc Pypaert, Le Ma\u00eetre de l\u2019Autel de Beyghem : une tentative de mise en contexte<br \/>\nMichel Fourny et Isabelle Lecocq, Des fragments de vitraux, t\u00e9moins de la pr\u00e9sence de Charles Quint au Palais du Coudenberg \u00e0 Bruxelles<br \/>\nMichel Fourny et Olivier Cammaert, Vestiges en fondation du choeur de l\u2019ancienne \u00e9glise Saint-G\u00e9ry \u00e0 Bruxelles (xvie si\u00e8cle), r\u00e9v\u00e9l\u00e9s en 1990 lors des fouilles de l\u2019Universit\u00e9 libre de Bruxelles (ulb) et de la Soci\u00e9t\u00e9 royale d\u2019Arch\u00e9ologie de Bruxelles (srab)<br \/>\nOlivier Cammaert, Autour d\u2019un tableau disparu de Joos van Winghe : la C\u00e8ne de l\u2019ancienne \u00e9glise Saint-G\u00e9ry \u00e0 Bruxelles<br \/>\nLara de Merode, La \u2018d\u00e9votion particuli\u00e8re\u2019 des Capucins de Bruxelles au xviie si\u00e8cle : enqu\u00eate \u00e0 partir des Saint Agapit et Saint Florent de Gaspar de Crayer<br \/>\nAlexandre Dimov, Les quatre effigies de saints par Gaspar de Crayer du couvent des Dominicains de Bruxelles conserv\u00e9es \u00e0 Berchem-Sainte-Agathe<br \/>\nDidier Martens et Alexandre Dimov, Le Christ ressuscit\u00e9 apparaissant \u00e0 sa M\u00e8re dans l\u2019oeuvre de Gaspar de Crayer : deux versions d\u2019un sujet sans fondement scripturaire<br \/>\nL\u00e9na Brognon, L\u2019ex\u00e9cution d\u2019une femme par le supplice de la roue sur la Grand-Place de Bruxelles en 1777<\/p>\n","protected":false},"excerpt":{"rendered":"<p>Annales de la Soci\u00e9t\u00e9 royale d&#8217;Arch\u00e9ologie de Bruxelles &#8211; tome 78 &#8211; 2022 Jean-Luc Pypaert, Le Ma\u00eetre de l\u2019Autel de Beyghem : une tentative de mise en contexte Michel Fourny et Isabelle Lecocq, Des fragments de vitraux, t\u00e9moins de la pr\u00e9sence de Charles Quint au Palais du Coudenberg \u00e0 Bruxelles Michel Fourny et Olivier Cammaert, [&#8230;]<\/p>\n","protected":false},"featured_media":14263,"comment_status":"open","ping_status":"closed","template":"","meta":[],"product_brand":[],"product_cat":[84,86],"product_tag":[],"class_list":{"0":"post-14262","1":"product","2":"type-product","3":"status-publish","4":"has-post-thumbnail","6":"product_cat-asrab","7":"product_cat-publications","9":"first","10":"instock","11":"featured","12":"taxable","13":"shipping-taxable","14":"purchasable","15":"product-type-simple"},"jetpack_sharing_enabled":true,"_links":{"self":[{"href":"https:\/\/srab.brussels\/index.php\/wp-json\/wp\/v2\/product\/14262","targetHints":{"allow":["GET"]}}],"collection":[{"href":"https:\/\/srab.brussels\/index.php\/wp-json\/wp\/v2\/product"}],"about":[{"href":"https:\/\/srab.brussels\/index.php\/wp-json\/wp\/v2\/types\/product"}],"replies":[{"embeddable":true,"href":"https:\/\/srab.brussels\/index.php\/wp-json\/wp\/v2\/comments?post=14262"}],"wp:featuredmedia":[{"embeddable":true,"href":"https:\/\/srab.brussels\/index.php\/wp-json\/wp\/v2\/media\/14263"}],"wp:attachment":[{"href":"https:\/\/srab.brussels\/index.php\/wp-json\/wp\/v2\/media?parent=14262"}],"wp:term":[{"taxonomy":"product_brand","embeddable":true,"href":"https:\/\/srab.brussels\/index.php\/wp-json\/wp\/v2\/product_brand?post=14262"},{"taxonomy":"product_cat","embeddable":true,"href":"https:\/\/srab.brussels\/index.php\/wp-json\/wp\/v2\/product_cat?post=14262"},{"taxonomy":"product_tag","embeddable":true,"href":"https:\/\/srab.brussels\/index.php\/wp-json\/wp\/v2\/product_tag?post=14262"}],"curies":[{"name":"wp","href":"https:\/\/api.w.org\/{rel}","templated":true}]}}