{"id":14260,"date":"2023-06-07T08:48:39","date_gmt":"2023-06-07T06:48:39","guid":{"rendered":"https:\/\/srab.brussels\/?post_type=product&#038;p=14260"},"modified":"2025-11-23T13:47:33","modified_gmt":"2025-11-23T12:47:33","slug":"bulletin-91-pdf","status":"publish","type":"product","link":"https:\/\/srab.brussels\/index.php\/produit\/bulletin-91-pdf\/","title":{"rendered":"Bulletin 91 PDF"},"content":{"rendered":"<p>Bulletin d&#8217;information de la Soci\u00e9t\u00e9 royale d&#8217;Arch\u00e9ologie de Bruxelles &#8211; Mars 2023<\/p>\n","protected":false},"excerpt":{"rendered":"<p>Bulletin d&#8217;information de la Soci\u00e9t\u00e9 royale d&#8217;Arch\u00e9ologie de Bruxelles &#8211; Mars 2023<\/p>\n","protected":false},"featured_media":14254,"comment_status":"open","ping_status":"closed","template":"","meta":[],"product_brand":[],"product_cat":[85,86],"product_tag":[],"class_list":{"0":"post-14260","1":"product","2":"type-product","3":"status-publish","4":"has-post-thumbnail","6":"product_cat-bsrab","7":"product_cat-publications","9":"first","10":"instock","11":"featured","12":"downloadable","13":"taxable","14":"shipping-taxable","15":"purchasable","16":"product-type-simple"},"jetpack_sharing_enabled":true,"_links":{"self":[{"href":"https:\/\/srab.brussels\/index.php\/wp-json\/wp\/v2\/product\/14260","targetHints":{"allow":["GET"]}}],"collection":[{"href":"https:\/\/srab.brussels\/index.php\/wp-json\/wp\/v2\/product"}],"about":[{"href":"https:\/\/srab.brussels\/index.php\/wp-json\/wp\/v2\/types\/product"}],"replies":[{"embeddable":true,"href":"https:\/\/srab.brussels\/index.php\/wp-json\/wp\/v2\/comments?post=14260"}],"wp:featuredmedia":[{"embeddable":true,"href":"https:\/\/srab.brussels\/index.php\/wp-json\/wp\/v2\/media\/14254"}],"wp:attachment":[{"href":"https:\/\/srab.brussels\/index.php\/wp-json\/wp\/v2\/media?parent=14260"}],"wp:term":[{"taxonomy":"product_brand","embeddable":true,"href":"https:\/\/srab.brussels\/index.php\/wp-json\/wp\/v2\/product_brand?post=14260"},{"taxonomy":"product_cat","embeddable":true,"href":"https:\/\/srab.brussels\/index.php\/wp-json\/wp\/v2\/product_cat?post=14260"},{"taxonomy":"product_tag","embeddable":true,"href":"https:\/\/srab.brussels\/index.php\/wp-json\/wp\/v2\/product_tag?post=14260"}],"curies":[{"name":"wp","href":"https:\/\/api.w.org\/{rel}","templated":true}]}}