{"id":14258,"date":"2023-06-07T08:47:00","date_gmt":"2023-06-07T06:47:00","guid":{"rendered":"https:\/\/srab.brussels\/?post_type=product&#038;p=14258"},"modified":"2025-04-03T03:41:59","modified_gmt":"2025-04-03T01:41:59","slug":"bulletin-90-pdf","status":"publish","type":"product","link":"https:\/\/srab.brussels\/index.php\/produit\/bulletin-90-pdf\/","title":{"rendered":"Bulletin 90 PDF"},"content":{"rendered":"<p>Bulletin d&#8217;information de la Soci\u00e9t\u00e9 royale d&#8217;Arch\u00e9ologie de Bruxelles<\/p>\n","protected":false},"excerpt":{"rendered":"<p>Bulletin d&#8217;information de la Soci\u00e9t\u00e9 royale d&#8217;Arch\u00e9ologie de Bruxelles<\/p>\n","protected":false},"featured_media":14255,"comment_status":"open","ping_status":"closed","template":"","meta":[],"product_brand":[],"product_cat":[85,86],"product_tag":[],"class_list":{"0":"post-14258","1":"product","2":"type-product","3":"status-publish","4":"has-post-thumbnail","6":"product_cat-bsrab","7":"product_cat-publications","9":"first","10":"instock","11":"featured","12":"downloadable","13":"taxable","14":"shipping-taxable","15":"purchasable","16":"product-type-simple"},"jetpack_sharing_enabled":true,"_links":{"self":[{"href":"https:\/\/srab.brussels\/index.php\/wp-json\/wp\/v2\/product\/14258","targetHints":{"allow":["GET"]}}],"collection":[{"href":"https:\/\/srab.brussels\/index.php\/wp-json\/wp\/v2\/product"}],"about":[{"href":"https:\/\/srab.brussels\/index.php\/wp-json\/wp\/v2\/types\/product"}],"replies":[{"embeddable":true,"href":"https:\/\/srab.brussels\/index.php\/wp-json\/wp\/v2\/comments?post=14258"}],"wp:featuredmedia":[{"embeddable":true,"href":"https:\/\/srab.brussels\/index.php\/wp-json\/wp\/v2\/media\/14255"}],"wp:attachment":[{"href":"https:\/\/srab.brussels\/index.php\/wp-json\/wp\/v2\/media?parent=14258"}],"wp:term":[{"taxonomy":"product_brand","embeddable":true,"href":"https:\/\/srab.brussels\/index.php\/wp-json\/wp\/v2\/product_brand?post=14258"},{"taxonomy":"product_cat","embeddable":true,"href":"https:\/\/srab.brussels\/index.php\/wp-json\/wp\/v2\/product_cat?post=14258"},{"taxonomy":"product_tag","embeddable":true,"href":"https:\/\/srab.brussels\/index.php\/wp-json\/wp\/v2\/product_tag?post=14258"}],"curies":[{"name":"wp","href":"https:\/\/api.w.org\/{rel}","templated":true}]}}