{"id":13958,"date":"2023-05-31T10:33:54","date_gmt":"2023-05-31T08:33:54","guid":{"rendered":"https:\/\/srab.brussels\/?post_type=product&#038;p=13958"},"modified":"2023-06-07T09:38:58","modified_gmt":"2023-06-07T07:38:58","slug":"cotisation-livraison","status":"publish","type":"product","link":"https:\/\/srab.brussels\/index.php\/produit\/cotisation-livraison\/","title":{"rendered":"Cotisation + livraison"},"content":{"rendered":"<p><strong>Soci\u00e9t\u00e9 Royale d&#8217;Arch\u00e9ologie de Bruxelles a.s.b.l.<\/strong><br \/>\nc\/o Universit\u00e9 libre de Bruxelles &#8211; C.P. 175<br \/>\nAvenue Franklin Roosevelt, 50<br \/>\nB-1050 Bruxelles<br \/>\n<strong>T\u00a0<\/strong>+32 (2) 650 24 97<br \/>\n<strong>F\u00a0<\/strong>+32 (2) 650 24 50<br \/>\n<a href=\"https:\/\/www.srab.be\/Membre.html\">secretariat@SRAB.be<\/a><\/p>\n","protected":false},"excerpt":{"rendered":"<p>La cotisation donne le droit de recevoir les <em>Annales<\/em>, ainsi que la <em>Lettre mensuelle<\/em> et le <em>Bulletin d\u2019Information trimestriel<\/em>, et permet de participer aux diverses activit\u00e9s de la Soci\u00e9t\u00e9 (conf\u00e9rences, visites de sites et de ch\u00e2teaux dans et hors de Bruxelles, expositions&#8230;).<\/p>\n","protected":false},"featured_media":14293,"comment_status":"open","ping_status":"closed","template":"","meta":[],"product_brand":[],"product_cat":[225],"product_tag":[],"class_list":{"0":"post-13958","1":"product","2":"type-product","3":"status-publish","4":"has-post-thumbnail","6":"product_cat-membres","8":"first","9":"instock","10":"taxable","11":"shipping-taxable","12":"product-type-external"},"jetpack_sharing_enabled":true,"_links":{"self":[{"href":"https:\/\/srab.brussels\/index.php\/wp-json\/wp\/v2\/product\/13958","targetHints":{"allow":["GET"]}}],"collection":[{"href":"https:\/\/srab.brussels\/index.php\/wp-json\/wp\/v2\/product"}],"about":[{"href":"https:\/\/srab.brussels\/index.php\/wp-json\/wp\/v2\/types\/product"}],"replies":[{"embeddable":true,"href":"https:\/\/srab.brussels\/index.php\/wp-json\/wp\/v2\/comments?post=13958"}],"wp:featuredmedia":[{"embeddable":true,"href":"https:\/\/srab.brussels\/index.php\/wp-json\/wp\/v2\/media\/14293"}],"wp:attachment":[{"href":"https:\/\/srab.brussels\/index.php\/wp-json\/wp\/v2\/media?parent=13958"}],"wp:term":[{"taxonomy":"product_brand","embeddable":true,"href":"https:\/\/srab.brussels\/index.php\/wp-json\/wp\/v2\/product_brand?post=13958"},{"taxonomy":"product_cat","embeddable":true,"href":"https:\/\/srab.brussels\/index.php\/wp-json\/wp\/v2\/product_cat?post=13958"},{"taxonomy":"product_tag","embeddable":true,"href":"https:\/\/srab.brussels\/index.php\/wp-json\/wp\/v2\/product_tag?post=13958"}],"curies":[{"name":"wp","href":"https:\/\/api.w.org\/{rel}","templated":true}]}}