{"id":13574,"date":"2022-07-08T11:53:04","date_gmt":"2022-07-08T09:53:04","guid":{"rendered":"https:\/\/srab.brussels\/?post_type=product&#038;p=13574"},"modified":"2022-07-08T11:53:04","modified_gmt":"2022-07-08T09:53:04","slug":"tome-50-1956-1961","status":"publish","type":"product","link":"https:\/\/srab.brussels\/index.php\/produit\/tome-50-1956-1961\/","title":{"rendered":"Tome 50 &#8211; 1956-1961"},"content":{"rendered":"<p><strong>Annales de la Soci\u00e9t\u00e9 royale d\u2019Arch\u00e9ologie de Bruxelles\u00a0 \u2013 tome 50 &#8211; 1956-1961<\/strong><\/p>\n<p>&nbsp;<\/p>\n<ul>\n<li>James-Louis BAUDET, <em>Essor leptolithique dans le Nord de la France<\/em><\/li>\n<li>Chanoine BI\u00c9VELET, <em>L\u2019exploration arch\u00e9ologique de Bavai\u00a0: \u00c9gouts et Aqueducs Bavaisiens<\/em><\/li>\n<li>Paul BONENFANT, <em>Du Belgium de C\u00e9sar \u00e0 la Belgique de 1830. Essai sur une \u00e9volution s\u00e9mantique<\/em><\/li>\n<li>J. BUTTER, <em>Le M\u00e9solithique \u00e0 Ommen (1952-1953) et \u00e0 Budel (1929)<\/em><\/li>\n<li>Lucien CEYSSENS, O.F.M.,\u00a0<em>Rapports entre les premiers Jans\u00e9nistes belges et fran\u00e7ais<\/em><\/li>\n<li>Albert de DORLODOT,\u00a0<em>Les fournitures d\u2019armes aux Insurgents am\u00e9ricains et la R\u00e9solution du Congr\u00e8s du 15 juillet 1775<\/em><\/li>\n<li>Georges DESPY,\u00a0<em>La Charte de 741-742 du Comte Robert de Hesbaye pour l\u2019Abbaye de Saint-Trond<\/em><\/li>\n<li>Dom A. DUMON, O.S.B., <em>Le Corpus Christianorum et sa Continuatio Medi\u00e6valis<\/em><\/li>\n<li>Marcel FRYNS, <em>Le Retable dei Pizzicaiuoli<\/em><\/li>\n<li>Dom Nicolas HUYGHEBAERT, <em>Une entreprise nationale\u00a0: le Monasticon Belge<\/em><\/li>\n<li>Fran\u00e7ois JACQUES, <em>Le Concile de Jodoigne en 1497<\/em><\/li>\n<li>Dom Cyrille LAMBOT,\u00a0<em>Jean Vlimmerius \u00e9diteur de Sermons de Saint Augustin<\/em><\/li>\n<li>Dom Jean LECLERCQ,\u00a0G<em>rammaire et Humour dans les textes du Moyen \u00c2ge<\/em><\/li>\n<li>Paul LEFRANCQ,\u00a0<em>Le portrait offert \u00e0 l\u2019Intendant S\u00e9nac de Meilhan en 1783<\/em><\/li>\n<li>Jean MOSSAY,\u00a0<em>L\u2019accueil des habitants de Charleroi et de Thuin aux troupes de Louis XIV en 1678-1679<\/em><\/li>\n<li>Joseph PHILIPPE,\u00a0<em>Les Van Eyck, leur origine Mosane et Li\u00e8ge<\/em><\/li>\n<li>Gabriel PIERARD,\u00a0<em>Un d\u00e9p\u00f4t de prisonniers de guerre anglais de 1798 \u00e0 1814<\/em><\/li>\n<li>Sophie SCHNEEBALG-PERELMAN,\u00a0<em>\u00abLe retouchage\u00bb dans la tapisserie bruxelloise ou les origines de l\u2019\u00e9dit imp\u00e9rial de 1544<\/em><\/li>\n<li>Heinrich SPROEMBERG, <em>Die Hanse in europ\u00e4ischer Sicht<\/em><\/li>\n<li>Vicomte TERLINDEN, <em>Les pr\u00e9tentions g\u00e9n\u00e9alogiques et la protoh\u00e9raldique des familles de la R\u00e9publique Romaine<\/em><\/li>\n<li>Arthur VANDEBOSCH, <em>La C\u00e9ramique \u00e0 l\u2019\u00e2ge de la pierre<\/em><\/li>\n<li>Arthur VANDEBOSCH,\u00a0<em>L\u2019homme du pal\u00e9olithique moyen br\u00fblait les os des animaux<\/em><\/li>\n<li>Robert WELLENS,\u00a0<em>Le domaine de Mariemont au XVI<span class=\"exposant\">e<\/span> si\u00e8cle (1546-1598)<\/em><\/li>\n<li>Liliane WELLENS-DE DONDER,\u00a0<em>La restauration de l\u2019ancien r\u00e9gime dans le Nord de la France sous l\u2019occupation autrichienne de 1793-1794<\/em><\/li>\n<li>Charles WIRTZ,\u00a0<em>Le probl\u00e8me de la condition juridique des tributaires d\u2019\u00e9glise en Belgique\u00a0: Une question mal pos\u00e9e<\/em><\/li>\n<li>Gabriel WYMANS,\u00a0<em>La conclusion du contrat de mariage d\u2019Antoine, duc de Brabant, et d\u2019\u00c9lisabeth de G\u00f6rlitz (1408-avril 1409)\u00a0\u00a0\u00a0<\/em><\/li>\n<\/ul>\n","protected":false},"excerpt":{"rendered":"<p>Annales de la Soci\u00e9t\u00e9 royale d\u2019Arch\u00e9ologie de Bruxelles\u00a0 \u2013 tome 50 &#8211; 1956-1961 &nbsp; James-Louis BAUDET, Essor leptolithique dans le Nord de la France Chanoine BI\u00c9VELET, L\u2019exploration arch\u00e9ologique de Bavai\u00a0: \u00c9gouts et Aqueducs Bavaisiens Paul BONENFANT, Du Belgium de C\u00e9sar \u00e0 la Belgique de 1830. Essai sur une \u00e9volution s\u00e9mantique J. BUTTER, Le M\u00e9solithique \u00e0 [&#8230;]<\/p>\n","protected":false},"featured_media":13523,"comment_status":"open","ping_status":"closed","template":"","meta":[],"product_brand":[],"product_cat":[84,86],"product_tag":[],"class_list":{"0":"post-13574","1":"product","2":"type-product","3":"status-publish","4":"has-post-thumbnail","6":"product_cat-asrab","7":"product_cat-publications","9":"first","10":"instock","11":"taxable","12":"shipping-taxable","13":"purchasable","14":"product-type-simple"},"jetpack_sharing_enabled":true,"_links":{"self":[{"href":"https:\/\/srab.brussels\/index.php\/wp-json\/wp\/v2\/product\/13574","targetHints":{"allow":["GET"]}}],"collection":[{"href":"https:\/\/srab.brussels\/index.php\/wp-json\/wp\/v2\/product"}],"about":[{"href":"https:\/\/srab.brussels\/index.php\/wp-json\/wp\/v2\/types\/product"}],"replies":[{"embeddable":true,"href":"https:\/\/srab.brussels\/index.php\/wp-json\/wp\/v2\/comments?post=13574"}],"wp:featuredmedia":[{"embeddable":true,"href":"https:\/\/srab.brussels\/index.php\/wp-json\/wp\/v2\/media\/13523"}],"wp:attachment":[{"href":"https:\/\/srab.brussels\/index.php\/wp-json\/wp\/v2\/media?parent=13574"}],"wp:term":[{"taxonomy":"product_brand","embeddable":true,"href":"https:\/\/srab.brussels\/index.php\/wp-json\/wp\/v2\/product_brand?post=13574"},{"taxonomy":"product_cat","embeddable":true,"href":"https:\/\/srab.brussels\/index.php\/wp-json\/wp\/v2\/product_cat?post=13574"},{"taxonomy":"product_tag","embeddable":true,"href":"https:\/\/srab.brussels\/index.php\/wp-json\/wp\/v2\/product_tag?post=13574"}],"curies":[{"name":"wp","href":"https:\/\/api.w.org\/{rel}","templated":true}]}}