{"id":13573,"date":"2022-07-08T11:51:05","date_gmt":"2022-07-08T09:51:05","guid":{"rendered":"https:\/\/srab.brussels\/?post_type=product&#038;p=13573"},"modified":"2022-07-08T11:51:05","modified_gmt":"2022-07-08T09:51:05","slug":"tome-51-1962-1966","status":"publish","type":"product","link":"https:\/\/srab.brussels\/index.php\/produit\/tome-51-1962-1966\/","title":{"rendered":"Tome 51 &#8211; 1962-1966"},"content":{"rendered":"<p><strong>Annales de la Soci\u00e9t\u00e9 royale d\u2019Arch\u00e9ologie de Bruxelles\u00a0 \u2013 tome 51 &#8211; 1962-1966<\/strong><\/p>\n<ul>\n<li>Francis SALET,\u00a0<em>La f\u00eate de la Toison d\u2019Or de 1468<\/em><\/li>\n<li>Robert-Henri BAUTIER,\u00a0<em>La place de la draperie braban\u00e7onne et plus particuli\u00e8rement <\/em><em>bruxelloise dans l\u2019industrie textile du Moyen \u00c2ge<\/em><\/li>\n<li>\n<ul>\n<li><\/li>\n<\/ul>\n<\/li>\n<\/ul>\n<ul>\n<li style=\"list-style-type: none;\"><\/li>\n<li>Anne MOUREAUX-VAN NECK,\u00a0<em>Un aspect de l\u2019histoire financi\u00e8re du Brabant au Moyen \u00c2ge\u00a0: Les aides accord\u00e9es aux ducs entre 1356 et 1430<\/em><\/li>\n<li>Robert WELLENS,\u00a0<em>L\u2019int\u00e9r\u00eat des archives braban\u00e7onnes pour l\u2019histoire des \u00c9tats g\u00e9n\u00e9raux des Pays-Bas<\/em><\/li>\n<li>Arlette MEYNART,\u00a0<em>Une source pour l\u2019histoire sociale du Brabant au XV<span class=\"exposant\">e<\/span> si\u00e8cle\u00a0: Les comptes des officiers sup\u00e9rieurs de justice<\/em><\/li>\n<li>Marie RISSELIN-STEENEBRUGEN,\u00a0<em>Le colbertisme et la dentelle de Bruxelles aux fuseaux<\/em><\/li>\n<li>Ren\u00e9 LAURENT, <em>Le cours des ruisseaux \u00e0 Bruxelles \u00e0 la fin du Moyen \u00c2ge<\/em><\/li>\n<li>Paul BONENFANT,\u00a0<em>Quelques faux actes princiers int\u00e9ressant Bruxelles. La question des falsifications de Christophe Butkens<\/em><\/li>\n<li>Mina MARTENS, <em>Une source perdue\u00a0: Les listes ou les livres o\u00f9 l\u2019on inscrivait le nom des \u00e9chevins et leur appartenance lignag\u00e8re, ant\u00e9rieurement au XVII<span class=\"exposant\">e<\/span> si\u00e8cle<\/em><\/li>\n<li>Philippe GODDING,\u00a0<em>La r\u00e9daction de la coutume de Bruxelles<\/em><\/li>\n<li>Ren\u00e9e PIERARD-GILBERT,\u00a0<em>Les proc\u00e8s devant le magistrat de Bruxelles au XVIII<span class=\"exposant\">e<\/span> si\u00e8cle. Leur apport \u00e0 l\u2019histoire de la Ville<\/em><\/li>\n<li>Claire DICKSTEIN-BERNARD, <em>Les comptes bruxellois comme source pour l\u2019histoire des finances\u00a0urbaines avant le XVI<span class=\"exposant\">e<\/span> si\u00e8cle<\/em><\/li>\n<li>Anne-Marie BONENFANT-FEYTMANS,\u00a0<em>La valeur des manuscrits du XVIIe si\u00e8cle pour la connaissance des plus anciens sceaux des \u00e9chevins de Bruxelles<\/em><\/li>\n<li>Jean DE STURLER,\u00a0<em>Les ressources des archives anglaises du point de vue de l\u2019histoire de Bruxelles au Moyen \u00c2ge<\/em><\/li>\n<li>Liliane WELLENS-DE DONDER,\u00a0<em>Les sources de l\u2019histoire de la m\u00e9decine \u00e0 Bruxelles pendant l\u2019occupation fran\u00e7aise<\/em><\/li>\n<li>Sophie SCHNEEBALG-PERELMAN,\u00a0<em>Les sources de l\u2019histoire de la tapisserie bruxelloise et la tapisserie en tant que source<\/em><\/li>\n<li>Joseph PHILIPPE,\u00a0<em>La peinture murale du Moyen \u00c2ge en Brabant<\/em><\/li>\n<li>Comte Joseph DE BORCHGRAVE D\u2019ALTENA,\u00a0<em>Tr\u00e9sors d\u2019Art <\/em><\/li>\n<li>Fernand PARISEL, <em>L\u00e9sions osseuses pathologiques (3)<\/em><\/li>\n<\/ul>\n","protected":false},"excerpt":{"rendered":"<p>Annales de la Soci\u00e9t\u00e9 royale d\u2019Arch\u00e9ologie de Bruxelles\u00a0 \u2013 tome 51 &#8211; 1962-1966 Francis SALET,\u00a0La f\u00eate de la Toison d\u2019Or de 1468 Robert-Henri BAUTIER,\u00a0La place de la draperie braban\u00e7onne et plus particuli\u00e8rement bruxelloise dans l\u2019industrie textile du Moyen \u00c2ge Anne MOUREAUX-VAN NECK,\u00a0Un aspect de l\u2019histoire financi\u00e8re du Brabant au Moyen \u00c2ge\u00a0: Les aides accord\u00e9es aux [&#8230;]<\/p>\n","protected":false},"featured_media":13524,"comment_status":"open","ping_status":"closed","template":"","meta":[],"product_brand":[],"product_cat":[84,86],"product_tag":[],"class_list":{"0":"post-13573","1":"product","2":"type-product","3":"status-publish","4":"has-post-thumbnail","6":"product_cat-asrab","7":"product_cat-publications","9":"first","10":"instock","11":"taxable","12":"shipping-taxable","13":"purchasable","14":"product-type-simple"},"jetpack_sharing_enabled":true,"_links":{"self":[{"href":"https:\/\/srab.brussels\/index.php\/wp-json\/wp\/v2\/product\/13573","targetHints":{"allow":["GET"]}}],"collection":[{"href":"https:\/\/srab.brussels\/index.php\/wp-json\/wp\/v2\/product"}],"about":[{"href":"https:\/\/srab.brussels\/index.php\/wp-json\/wp\/v2\/types\/product"}],"replies":[{"embeddable":true,"href":"https:\/\/srab.brussels\/index.php\/wp-json\/wp\/v2\/comments?post=13573"}],"wp:featuredmedia":[{"embeddable":true,"href":"https:\/\/srab.brussels\/index.php\/wp-json\/wp\/v2\/media\/13524"}],"wp:attachment":[{"href":"https:\/\/srab.brussels\/index.php\/wp-json\/wp\/v2\/media?parent=13573"}],"wp:term":[{"taxonomy":"product_brand","embeddable":true,"href":"https:\/\/srab.brussels\/index.php\/wp-json\/wp\/v2\/product_brand?post=13573"},{"taxonomy":"product_cat","embeddable":true,"href":"https:\/\/srab.brussels\/index.php\/wp-json\/wp\/v2\/product_cat?post=13573"},{"taxonomy":"product_tag","embeddable":true,"href":"https:\/\/srab.brussels\/index.php\/wp-json\/wp\/v2\/product_tag?post=13573"}],"curies":[{"name":"wp","href":"https:\/\/api.w.org\/{rel}","templated":true}]}}