{"id":13572,"date":"2022-07-08T11:31:10","date_gmt":"2022-07-08T09:31:10","guid":{"rendered":"https:\/\/srab.brussels\/?post_type=product&#038;p=13572"},"modified":"2022-07-08T11:31:10","modified_gmt":"2022-07-08T09:31:10","slug":"tome-52-1967-1973","status":"publish","type":"product","link":"https:\/\/srab.brussels\/index.php\/produit\/tome-52-1967-1973\/","title":{"rendered":"Tome 52 &#8211; 1967-1973"},"content":{"rendered":"<p><strong>Annales de la Soci\u00e9t\u00e9 royale d\u2019Arch\u00e9ologie de Bruxelles\u00a0 \u2013 tome 52 &#8211; 1967-1973<br \/>\n<\/strong><\/p>\n<ul>\n<li>Joseph PHILIPPE, <em>Aspect de la peinture mosane de l\u2019\u00e9poque pr\u00e9-romane au XV<span class=\"exposant\">e<\/span> si\u00e8cle<\/em><\/li>\n<li>Joseph PHILIPPE,\u00a0<em>Les arts du feu en pays mosan (Verrerie et c\u00e9ramique, de l\u2019\u00e9poque m\u00e9rovingienne au XVI<span class=\"exposant\">e<\/span> si\u00e8cle)<\/em><\/li>\n<li>Jean-Claude GHISLAIN,\u00a0<em>Saint-Nicolas en Glain. La priorale disparue et ses sculptures conserv\u00e9es<\/em><\/li>\n<li>Comte Joseph DE BORCHGRAVE D\u2019ALTENA (\u2020),\u00a0<em>Notes pour servir l\u2019\u00e9tude de l\u2019art Mosan<\/em><\/li>\n<li>Comte Joseph DE BORCHGRAVE D\u2019ALTENA (\u2020),\u00a0<em>Essai de Bibliographie concernant l\u2019orf\u00e8vrerie mosane des origines \u00e0 1300<\/em><\/li>\n<\/ul>\n","protected":false},"excerpt":{"rendered":"<p>Annales de la Soci\u00e9t\u00e9 royale d\u2019Arch\u00e9ologie de Bruxelles\u00a0 \u2013 tome 52 &#8211; 1967-1973 Joseph PHILIPPE, Aspect de la peinture mosane de l\u2019\u00e9poque pr\u00e9-romane au XVe si\u00e8cle Joseph PHILIPPE,\u00a0Les arts du feu en pays mosan (Verrerie et c\u00e9ramique, de l\u2019\u00e9poque m\u00e9rovingienne au XVIe si\u00e8cle) Jean-Claude GHISLAIN,\u00a0Saint-Nicolas en Glain. La priorale disparue et ses sculptures conserv\u00e9es Comte [&#8230;]<\/p>\n","protected":false},"featured_media":13524,"comment_status":"open","ping_status":"closed","template":"","meta":[],"product_brand":[],"product_cat":[84,86],"product_tag":[],"class_list":{"0":"post-13572","1":"product","2":"type-product","3":"status-publish","4":"has-post-thumbnail","6":"product_cat-asrab","7":"product_cat-publications","9":"first","10":"instock","11":"taxable","12":"shipping-taxable","13":"purchasable","14":"product-type-simple"},"jetpack_sharing_enabled":true,"_links":{"self":[{"href":"https:\/\/srab.brussels\/index.php\/wp-json\/wp\/v2\/product\/13572","targetHints":{"allow":["GET"]}}],"collection":[{"href":"https:\/\/srab.brussels\/index.php\/wp-json\/wp\/v2\/product"}],"about":[{"href":"https:\/\/srab.brussels\/index.php\/wp-json\/wp\/v2\/types\/product"}],"replies":[{"embeddable":true,"href":"https:\/\/srab.brussels\/index.php\/wp-json\/wp\/v2\/comments?post=13572"}],"wp:featuredmedia":[{"embeddable":true,"href":"https:\/\/srab.brussels\/index.php\/wp-json\/wp\/v2\/media\/13524"}],"wp:attachment":[{"href":"https:\/\/srab.brussels\/index.php\/wp-json\/wp\/v2\/media?parent=13572"}],"wp:term":[{"taxonomy":"product_brand","embeddable":true,"href":"https:\/\/srab.brussels\/index.php\/wp-json\/wp\/v2\/product_brand?post=13572"},{"taxonomy":"product_cat","embeddable":true,"href":"https:\/\/srab.brussels\/index.php\/wp-json\/wp\/v2\/product_cat?post=13572"},{"taxonomy":"product_tag","embeddable":true,"href":"https:\/\/srab.brussels\/index.php\/wp-json\/wp\/v2\/product_tag?post=13572"}],"curies":[{"name":"wp","href":"https:\/\/api.w.org\/{rel}","templated":true}]}}