{"id":13571,"date":"2022-07-08T11:28:14","date_gmt":"2022-07-08T09:28:14","guid":{"rendered":"https:\/\/srab.brussels\/?post_type=product&#038;p=13571"},"modified":"2022-07-08T11:28:14","modified_gmt":"2022-07-08T09:28:14","slug":"tome-53-1976","status":"publish","type":"product","link":"https:\/\/srab.brussels\/index.php\/produit\/tome-53-1976\/","title":{"rendered":"Tome 53 &#8211; 1976"},"content":{"rendered":"<p><strong>Annales de la Soci\u00e9t\u00e9 royale d\u2019Arch\u00e9ologie de Bruxelles\u00a0 \u2013 tome 53 &#8211; 1976<\/strong><\/p>\n<p><em>La cath\u00e9drale Saint-Michel\u00a0: tr\u00e9sors d\u2019art et d\u2019histoire<\/em><\/p>\n<ul>\n<li style=\"list-style-type: none;\">\n<ul>\n<li style=\"list-style-type: none\">\n<ul>\n<li>Comte Joseph de BORCHGRAVE D\u2019ALTENA (\u2020), <em>Pr\u00e9face<\/em><\/li>\n<li>Jan VERBESSELT,<strong>\u00a0<\/strong><em>L\u2019Origine de la paroisse Saint-Michel<\/em>v<\/li>\n<li>Dr. W.M. GRAUWEN, <em>O. Praem<\/em>, <em>Bref aper\u00e7u de l\u2019histoire du chapitre des Saints-Michel-et-Gudule <\/em><\/li>\n<li>Dominique COUPE, <em>Bref aper\u00e7u de l\u2019histoire de la construction<\/em><\/li>\n<li>Jean-Claude GHISLAIN,<strong>\u00a0<\/strong><em>L\u2019avant-corps de l\u2019ancienne coll\u00e9giale romane des saints-Michel-et-Gudule et les d\u00e9buts de l\u2019art \u00e0 Bruxelles<\/em><\/li>\n<li>Dominique COUPE, <em>Les moulures int\u00e9rieures de la cath\u00e9drale<\/em><\/li>\n<p>Comte Joseph de BORCHGRAVE D\u2019ALTENA (\u2020) (\u00e9d),<\/ul>\n<\/li>\n<\/ul>\n<\/li>\n<li><em>La Cath\u00e9drale Saint-Michel, ancienne Coll\u00e9giale Sainte-Gudule<\/em><\/li>\n<li>Catalogue<\/li>\n<li>Ghislaine DERVEAUX-VAN USSEL, <em>Avant-propos<\/em><\/li>\n<li>Ren\u00e9 LAURENT, <em>Sceaux<\/em><\/li>\n<li>Dominique COUPE, <em>Iconographie <\/em><\/li>\n<li>Michel KERVYN de MEERENDR\u00c9, <em>Peinture<\/em><\/li>\n<li>Yvette VANDEN BEMDEN, <em>Les vitraux<\/em><\/li>\n<li>Anne GALLEMAERTS, <em>La tenture de la l\u00e9gende du saint-sacrement de miracle \u00e0 la Cath\u00e9drale Saint-Michel<\/em><\/li>\n<li>Ghislaine DERVEAUX-VAN USSEL, <em>Sculpture et mobilier<\/em><\/li>\n<li>Marie RISSELIN-STEENEBRUGEN, <em>Dentelles<\/em><\/li>\n<li>Barth\u00e9lemy VAN DEN KERCKHOVE (alias BERHOVEN), <em>Textiles<\/em><\/li>\n<li>Jean-Claude GHISLAIN, <em>Orf\u00e8vreries<\/em><\/li>\n<\/ul>\n","protected":false},"excerpt":{"rendered":"<p>Annales de la Soci\u00e9t\u00e9 royale d\u2019Arch\u00e9ologie de Bruxelles\u00a0 \u2013 tome 53 &#8211; 1976 La cath\u00e9drale Saint-Michel\u00a0: tr\u00e9sors d\u2019art et d\u2019histoire Comte Joseph de BORCHGRAVE D\u2019ALTENA (\u2020), Pr\u00e9face Jan VERBESSELT,\u00a0L\u2019Origine de la paroisse Saint-Michelv Dr. W.M. GRAUWEN, O. Praem, Bref aper\u00e7u de l\u2019histoire du chapitre des Saints-Michel-et-Gudule Dominique COUPE, Bref aper\u00e7u de l\u2019histoire de la construction [&#8230;]<\/p>\n","protected":false},"featured_media":13525,"comment_status":"open","ping_status":"closed","template":"","meta":[],"product_brand":[],"product_cat":[84,86],"product_tag":[],"class_list":{"0":"post-13571","1":"product","2":"type-product","3":"status-publish","4":"has-post-thumbnail","6":"product_cat-asrab","7":"product_cat-publications","9":"first","10":"outofstock","11":"taxable","12":"shipping-taxable","13":"purchasable","14":"product-type-simple"},"jetpack_sharing_enabled":true,"_links":{"self":[{"href":"https:\/\/srab.brussels\/index.php\/wp-json\/wp\/v2\/product\/13571","targetHints":{"allow":["GET"]}}],"collection":[{"href":"https:\/\/srab.brussels\/index.php\/wp-json\/wp\/v2\/product"}],"about":[{"href":"https:\/\/srab.brussels\/index.php\/wp-json\/wp\/v2\/types\/product"}],"replies":[{"embeddable":true,"href":"https:\/\/srab.brussels\/index.php\/wp-json\/wp\/v2\/comments?post=13571"}],"wp:featuredmedia":[{"embeddable":true,"href":"https:\/\/srab.brussels\/index.php\/wp-json\/wp\/v2\/media\/13525"}],"wp:attachment":[{"href":"https:\/\/srab.brussels\/index.php\/wp-json\/wp\/v2\/media?parent=13571"}],"wp:term":[{"taxonomy":"product_brand","embeddable":true,"href":"https:\/\/srab.brussels\/index.php\/wp-json\/wp\/v2\/product_brand?post=13571"},{"taxonomy":"product_cat","embeddable":true,"href":"https:\/\/srab.brussels\/index.php\/wp-json\/wp\/v2\/product_cat?post=13571"},{"taxonomy":"product_tag","embeddable":true,"href":"https:\/\/srab.brussels\/index.php\/wp-json\/wp\/v2\/product_tag?post=13571"}],"curies":[{"name":"wp","href":"https:\/\/api.w.org\/{rel}","templated":true}]}}