{"id":13569,"date":"2022-07-08T11:22:29","date_gmt":"2022-07-08T09:22:29","guid":{"rendered":"https:\/\/srab.brussels\/?post_type=product&#038;p=13569"},"modified":"2022-07-08T11:22:30","modified_gmt":"2022-07-08T09:22:30","slug":"tome-55-1978","status":"publish","type":"product","link":"https:\/\/srab.brussels\/index.php\/produit\/tome-55-1978\/","title":{"rendered":"Tome 55 &#8211; 1978"},"content":{"rendered":"<p><strong>Annales de la Soci\u00e9t\u00e9 royale d\u2019Arch\u00e9ologie de Bruxelles\u00a0 \u2013 tome 55 &#8211; 1978<br \/>\n<\/strong><\/p>\n<ul>\n<li>Michel de WAHA,<em> Aux origines de la chartreuse de Scheut\u00a0: p\u00e8lerinage \u00ab\u00a0populaire\u00bb\u00a0et monast\u00e8re \u00abpatricien\u00bb\u00a0<\/em><\/li>\n<li>Sophie SCHNEEBALG-PERELMAN, <em>Les d\u00e9buts de la tapisserie bruxelloise au XIV<span class=\"exposant\">e<\/span> si\u00e8cle et son importance durant la premi\u00e8re moiti\u00e9 du XV<span class=\"exposant\">e<\/span> si\u00e8cle<\/em><\/li>\n<li>Yvon LEBLICQ, <em>Les \u00e9lections communales du 26 octobre 1869 et du 24 mai 1870 \u00e0 Bruxelles\u00a0: crise dans le lib\u00e9ralisme et espoir de renouveau pour l\u2019\u00abassociation constitutionnelle conservatrice\u00bb<\/em><\/li>\n<\/ul>\n","protected":false},"excerpt":{"rendered":"<p>Annales de la Soci\u00e9t\u00e9 royale d\u2019Arch\u00e9ologie de Bruxelles\u00a0 \u2013 tome 55 &#8211; 1978 Michel de WAHA, Aux origines de la chartreuse de Scheut\u00a0: p\u00e8lerinage \u00ab\u00a0populaire\u00bb\u00a0et monast\u00e8re \u00abpatricien\u00bb\u00a0 Sophie SCHNEEBALG-PERELMAN, Les d\u00e9buts de la tapisserie bruxelloise au XIVe si\u00e8cle et son importance durant la premi\u00e8re moiti\u00e9 du XVe si\u00e8cle Yvon LEBLICQ, Les \u00e9lections communales du 26 [&#8230;]<\/p>\n","protected":false},"featured_media":13527,"comment_status":"open","ping_status":"closed","template":"","meta":[],"product_brand":[],"product_cat":[84,86],"product_tag":[],"class_list":{"0":"post-13569","1":"product","2":"type-product","3":"status-publish","4":"has-post-thumbnail","6":"product_cat-asrab","7":"product_cat-publications","9":"first","10":"instock","11":"taxable","12":"shipping-taxable","13":"purchasable","14":"product-type-simple"},"jetpack_sharing_enabled":true,"_links":{"self":[{"href":"https:\/\/srab.brussels\/index.php\/wp-json\/wp\/v2\/product\/13569","targetHints":{"allow":["GET"]}}],"collection":[{"href":"https:\/\/srab.brussels\/index.php\/wp-json\/wp\/v2\/product"}],"about":[{"href":"https:\/\/srab.brussels\/index.php\/wp-json\/wp\/v2\/types\/product"}],"replies":[{"embeddable":true,"href":"https:\/\/srab.brussels\/index.php\/wp-json\/wp\/v2\/comments?post=13569"}],"wp:featuredmedia":[{"embeddable":true,"href":"https:\/\/srab.brussels\/index.php\/wp-json\/wp\/v2\/media\/13527"}],"wp:attachment":[{"href":"https:\/\/srab.brussels\/index.php\/wp-json\/wp\/v2\/media?parent=13569"}],"wp:term":[{"taxonomy":"product_brand","embeddable":true,"href":"https:\/\/srab.brussels\/index.php\/wp-json\/wp\/v2\/product_brand?post=13569"},{"taxonomy":"product_cat","embeddable":true,"href":"https:\/\/srab.brussels\/index.php\/wp-json\/wp\/v2\/product_cat?post=13569"},{"taxonomy":"product_tag","embeddable":true,"href":"https:\/\/srab.brussels\/index.php\/wp-json\/wp\/v2\/product_tag?post=13569"}],"curies":[{"name":"wp","href":"https:\/\/api.w.org\/{rel}","templated":true}]}}