{"id":13568,"date":"2022-07-08T11:19:39","date_gmt":"2022-07-08T09:19:39","guid":{"rendered":"https:\/\/srab.brussels\/?post_type=product&#038;p=13568"},"modified":"2022-07-08T11:19:39","modified_gmt":"2022-07-08T09:19:39","slug":"tome-56-1979","status":"publish","type":"product","link":"https:\/\/srab.brussels\/index.php\/produit\/tome-56-1979\/","title":{"rendered":"Tome 56 &#8211; 1979"},"content":{"rendered":"<p><strong>Annales de la Soci\u00e9t\u00e9 royale d\u2019Arch\u00e9ologie de Bruxelles\u00a0 \u2013 tome 56 \u2013 1979<\/strong><\/p>\n<p><span class=\"capitales\">Catalogue de l\u2019exposition\u00a0: Tresors d\u2019art des eglises de Bruxelles<\/span><\/p>\n<ul>\n<li>Catalogue de l\u2019exposition\u00a0: Tr\u00e9sors d\u2019art des \u00e9glises de Bruxelles<\/li>\n<li>G\u00e9n\u00e9ral Baron de GREEF, <em>Avant-propos<\/em><\/li>\n<li>\u00c9mile KESTEMAN, <em>En guise d\u2019introduction<\/em><\/li>\n<li>Andr\u00e9 VANRIE, <em>Promenade \u00e0 travers les \u00e9glises bruxelloises<\/em><\/li>\n<li>Denis COEKELBERGHS, <em>R\u00e9flexions sur le patrimoine des \u00e9glises et l\u2019art religieux \u00e0 Bruxelles\u00a0<\/em><\/li>\n<li>Catalogue<\/li>\n<li>I. <em>Cinq si\u00e8cles de vie religieuse \u00e0 Bruxelles<\/em> (du XII<span class=\"exposant\">e<\/span> au XVI<span class=\"exposant\">e<\/span> si\u00e8cle)<\/li>\n<li>II. <em>Le triomphe de l\u2019\u00c9glise au XVII<span class=\"exposant\">e<\/span> si\u00e8cle<\/em><\/li>\n<li>III. <em>Un si\u00e8cle de transition\u00a0: le XVIII<span class=\"exposant\">e<\/span> si\u00e8cle<\/em><\/li>\n<li>IV. <em>La fin de l\u2019ancien r\u00e9gime et le XIX<span class=\"exposant\">e<\/span> si\u00e8cle<\/em><\/li>\n<li>V. R. DEVROY et P. VUILLE\u00a0:\u00a0<em>L\u2019orf\u00e8vrerie<\/em><\/li>\n<\/ul>\n","protected":false},"excerpt":{"rendered":"<p>Annales de la Soci\u00e9t\u00e9 royale d\u2019Arch\u00e9ologie de Bruxelles\u00a0 \u2013 tome 56 \u2013 1979 Catalogue de l\u2019exposition\u00a0: Tresors d\u2019art des eglises de Bruxelles Catalogue de l\u2019exposition\u00a0: Tr\u00e9sors d\u2019art des \u00e9glises de Bruxelles G\u00e9n\u00e9ral Baron de GREEF, Avant-propos \u00c9mile KESTEMAN, En guise d\u2019introduction Andr\u00e9 VANRIE, Promenade \u00e0 travers les \u00e9glises bruxelloises Denis COEKELBERGHS, R\u00e9flexions sur le patrimoine [&#8230;]<\/p>\n","protected":false},"featured_media":13528,"comment_status":"open","ping_status":"closed","template":"","meta":[],"product_brand":[],"product_cat":[84,86],"product_tag":[],"class_list":{"0":"post-13568","1":"product","2":"type-product","3":"status-publish","4":"has-post-thumbnail","6":"product_cat-asrab","7":"product_cat-publications","9":"first","10":"instock","11":"taxable","12":"shipping-taxable","13":"purchasable","14":"product-type-simple"},"jetpack_sharing_enabled":true,"_links":{"self":[{"href":"https:\/\/srab.brussels\/index.php\/wp-json\/wp\/v2\/product\/13568","targetHints":{"allow":["GET"]}}],"collection":[{"href":"https:\/\/srab.brussels\/index.php\/wp-json\/wp\/v2\/product"}],"about":[{"href":"https:\/\/srab.brussels\/index.php\/wp-json\/wp\/v2\/types\/product"}],"replies":[{"embeddable":true,"href":"https:\/\/srab.brussels\/index.php\/wp-json\/wp\/v2\/comments?post=13568"}],"wp:featuredmedia":[{"embeddable":true,"href":"https:\/\/srab.brussels\/index.php\/wp-json\/wp\/v2\/media\/13528"}],"wp:attachment":[{"href":"https:\/\/srab.brussels\/index.php\/wp-json\/wp\/v2\/media?parent=13568"}],"wp:term":[{"taxonomy":"product_brand","embeddable":true,"href":"https:\/\/srab.brussels\/index.php\/wp-json\/wp\/v2\/product_brand?post=13568"},{"taxonomy":"product_cat","embeddable":true,"href":"https:\/\/srab.brussels\/index.php\/wp-json\/wp\/v2\/product_cat?post=13568"},{"taxonomy":"product_tag","embeddable":true,"href":"https:\/\/srab.brussels\/index.php\/wp-json\/wp\/v2\/product_tag?post=13568"}],"curies":[{"name":"wp","href":"https:\/\/api.w.org\/{rel}","templated":true}]}}