{"id":13567,"date":"2022-07-08T11:18:28","date_gmt":"2022-07-08T09:18:28","guid":{"rendered":"https:\/\/srab.brussels\/?post_type=product&#038;p=13567"},"modified":"2022-07-08T11:18:29","modified_gmt":"2022-07-08T09:18:29","slug":"tome-57-1980","status":"publish","type":"product","link":"https:\/\/srab.brussels\/index.php\/produit\/tome-57-1980\/","title":{"rendered":"Tome 57 &#8211; 1980"},"content":{"rendered":"<p><strong>Annales de la Soci\u00e9t\u00e9 royale d\u2019Arch\u00e9ologie de Bruxelles\u00a0 \u2013 tome 57 \u2013 1980<\/strong><\/p>\n<ul>\n<li>Michelle TASIAUX,\u00a0<em>L\u2019Hospice Terarken, \u00e0 Bruxelles des origines \u00e0 1386. Probl\u00e8mes relatifs \u00e0 sa fondation et \u00e0 son \u00e9volution institutionnelle (premi\u00e8re partie)<\/em><\/li>\n<li>Paul DE ZUTTERE,\u00a0<em>Quelques artistes et officiers civils au service de Charles-Alexandre de Lorraine, gouverneur g\u00e9n\u00e9ral des Pays-Bas autrichiens. Glanes sur eux et leur famille (premi\u00e8re partie)<\/em><\/li>\n<li>Pierre-Paul BOUQUI\u00c9 (1718-1767), <em>et sa post\u00e9rit\u00e9<\/em><\/li>\n<li>Fran\u00e7ois DAILLY (ou d\u2019Ailly)<\/li>\n<li>Ignace KATZL (\u00b1 1735-1802), et Chr\u00e9tien Guillaume MOHRHARDT (?-1779)<\/li>\n<li>Georges Christophe LINDEMANN (\u00b1 1735-1780)<\/li>\n<li>Ignace Thomas MALECK de WERTHENFELS, <em>et sa post\u00e9rit\u00e9<\/em><\/li>\n<li>Jean Antoine et Charles (fr\u00e8res) MORETTI<\/li>\n<li>Vincent MOUSSET<\/li>\n<li>Wenceslas MUNTZBERGER<\/li>\n<li>Fran\u00e7ois Nicolas SPARR de BENSTORF<\/li>\n<\/ul>\n","protected":false},"excerpt":{"rendered":"<p>Annales de la Soci\u00e9t\u00e9 royale d\u2019Arch\u00e9ologie de Bruxelles\u00a0 \u2013 tome 57 \u2013 1980 Michelle TASIAUX,\u00a0L\u2019Hospice Terarken, \u00e0 Bruxelles des origines \u00e0 1386. Probl\u00e8mes relatifs \u00e0 sa fondation et \u00e0 son \u00e9volution institutionnelle (premi\u00e8re partie) Paul DE ZUTTERE,\u00a0Quelques artistes et officiers civils au service de Charles-Alexandre de Lorraine, gouverneur g\u00e9n\u00e9ral des Pays-Bas autrichiens. Glanes sur eux [&#8230;]<\/p>\n","protected":false},"featured_media":13529,"comment_status":"open","ping_status":"closed","template":"","meta":[],"product_brand":[],"product_cat":[84,86],"product_tag":[],"class_list":{"0":"post-13567","1":"product","2":"type-product","3":"status-publish","4":"has-post-thumbnail","6":"product_cat-asrab","7":"product_cat-publications","9":"first","10":"instock","11":"taxable","12":"shipping-taxable","13":"purchasable","14":"product-type-simple"},"jetpack_sharing_enabled":true,"_links":{"self":[{"href":"https:\/\/srab.brussels\/index.php\/wp-json\/wp\/v2\/product\/13567","targetHints":{"allow":["GET"]}}],"collection":[{"href":"https:\/\/srab.brussels\/index.php\/wp-json\/wp\/v2\/product"}],"about":[{"href":"https:\/\/srab.brussels\/index.php\/wp-json\/wp\/v2\/types\/product"}],"replies":[{"embeddable":true,"href":"https:\/\/srab.brussels\/index.php\/wp-json\/wp\/v2\/comments?post=13567"}],"wp:featuredmedia":[{"embeddable":true,"href":"https:\/\/srab.brussels\/index.php\/wp-json\/wp\/v2\/media\/13529"}],"wp:attachment":[{"href":"https:\/\/srab.brussels\/index.php\/wp-json\/wp\/v2\/media?parent=13567"}],"wp:term":[{"taxonomy":"product_brand","embeddable":true,"href":"https:\/\/srab.brussels\/index.php\/wp-json\/wp\/v2\/product_brand?post=13567"},{"taxonomy":"product_cat","embeddable":true,"href":"https:\/\/srab.brussels\/index.php\/wp-json\/wp\/v2\/product_cat?post=13567"},{"taxonomy":"product_tag","embeddable":true,"href":"https:\/\/srab.brussels\/index.php\/wp-json\/wp\/v2\/product_tag?post=13567"}],"curies":[{"name":"wp","href":"https:\/\/api.w.org\/{rel}","templated":true}]}}