{"id":13566,"date":"2022-07-08T11:16:05","date_gmt":"2022-07-08T09:16:05","guid":{"rendered":"https:\/\/srab.brussels\/?post_type=product&#038;p=13566"},"modified":"2022-07-08T11:16:05","modified_gmt":"2022-07-08T09:16:05","slug":"tome-58-1981","status":"publish","type":"product","link":"https:\/\/srab.brussels\/index.php\/produit\/tome-58-1981\/","title":{"rendered":"Tome 58 &#8211; 1981"},"content":{"rendered":"<p><strong>Annales de la Soci\u00e9t\u00e9 royale d\u2019Arch\u00e9ologie de Bruxelles\u00a0 \u2013 tome 58 \u2013 1981<\/strong><\/p>\n<p><span class=\"capitales\">Melanges Mina Martens <\/span><\/p>\n<ul>\n<li>Yvon LEBLICQ, <em>Hommage \u00e0 Mina Martens<\/em><\/li>\n<li>Maurice-A. ARNOULD, <em>Le s\u00e9jour bruxellois de Charles le T\u00e9m\u00e9raire pendant l\u2019hiver de 1467-1468<\/em><\/li>\n<li>Anne-Marie BONENFANT-FEYTMANS,\u00a0<em>L\u2019adaptation du m\u00e9tier des menuisiers de Bruxelles \u00e0 de nouvelles techniques<\/em><\/li>\n<li>Claire DICKSTEIN-BERNARD,\u00a0<em>L\u2019organisation du commerce dans les halles aux draps\u00a0: l\u2019exemple de Bruxelles au XIV<span class=\"exposant\">e<\/span> si\u00e8cle <\/em><\/li>\n<li>Philippe GODDING, <em>Droit et paysage urbain\u00a0: les r\u00e9percussions du syst\u00e8me hypoth\u00e9caire dans les Pays-Bas m\u00e9ridionaux (XIV<span class=\"exposant\">e<\/span> -XVIII<span class=\"exposant\">e<\/span> si\u00e8cles) <\/em><\/li>\n<li>Liane ISGOUR-RANIERI,\u00a0<em>La lente gestation de la fondation universitaire, vue \u00e0 travers les archives am\u00e9ricaines<\/em><\/li>\n<li>Ren\u00e9 LAURENT,\u00a0<em>Les sceaux des princes territoriaux belges des origines au d\u00e9but du XIII<span class=\"exposant\">e<\/span> si\u00e8cle. Les ducs de brabant (II)<\/em><\/li>\n<li>Louis LEBEER,\u00a0<em>Note concernant la plus ancienne vue g\u00e9n\u00e9rale grav\u00e9e de la cour de brabant \u00e0 Bruxelles<\/em><\/li>\n<li>Yvon LEBLICQ,\u00a0<em>Approche du milieu socio-professionnel d\u2019une zone urbaine en passe d\u2019haussmannisation\u00a0: un exemple \u00e0 Bruxelles<\/em><\/li>\n<li>Victor-G. MARTINY,\u00a0<em>\u00c0 propos de la restauration de l\u2019escalier des lions de l\u2019h\u00f4tel de Ville de Bruxelles. Contribution de Viollet-le-Duc<\/em><\/li>\n<li>Sophie SCHNEEBALG-PERELMAN,\u00a0<em>Importance \u00e9conomique de la tapisserie bruxelloise au XVI<span class=\"exposant\">e<\/span> si\u00e8cle<\/em><\/li>\n<li>Arlette SMOLAR-MEYNART,\u00a0<em>Les guerres priv\u00e9es et la cour des apaiseurs \u00e0 Bruxelles au moyen \u00e2ge<\/em><\/li>\n<li>Jean STENGERS,\u00a0<em>Une page de l\u2019histoire de l\u2019universit\u00e9 de Bruxelles sous l\u2019occupation\u00a0: l\u2019incident Rolin-De Man de novembre 1940<\/em><\/li>\n<li>Andr\u00e9 VANRIE,\u00a0<em>Plans et documents figur\u00e9s relatifs \u00e0 Bruxelles dans les collections des archives g\u00e9n\u00e9rales du royaume<\/em><\/li>\n<\/ul>\n","protected":false},"excerpt":{"rendered":"<p>Annales de la Soci\u00e9t\u00e9 royale d\u2019Arch\u00e9ologie de Bruxelles\u00a0 \u2013 tome 58 \u2013 1981 Melanges Mina Martens Yvon LEBLICQ, Hommage \u00e0 Mina Martens Maurice-A. ARNOULD, Le s\u00e9jour bruxellois de Charles le T\u00e9m\u00e9raire pendant l\u2019hiver de 1467-1468 Anne-Marie BONENFANT-FEYTMANS,\u00a0L\u2019adaptation du m\u00e9tier des menuisiers de Bruxelles \u00e0 de nouvelles techniques Claire DICKSTEIN-BERNARD,\u00a0L\u2019organisation du commerce dans les halles aux [&#8230;]<\/p>\n","protected":false},"featured_media":13530,"comment_status":"open","ping_status":"closed","template":"","meta":[],"product_brand":[],"product_cat":[84,86],"product_tag":[],"class_list":{"0":"post-13566","1":"product","2":"type-product","3":"status-publish","4":"has-post-thumbnail","6":"product_cat-asrab","7":"product_cat-publications","9":"first","10":"instock","11":"taxable","12":"shipping-taxable","13":"purchasable","14":"product-type-simple"},"jetpack_sharing_enabled":true,"_links":{"self":[{"href":"https:\/\/srab.brussels\/index.php\/wp-json\/wp\/v2\/product\/13566","targetHints":{"allow":["GET"]}}],"collection":[{"href":"https:\/\/srab.brussels\/index.php\/wp-json\/wp\/v2\/product"}],"about":[{"href":"https:\/\/srab.brussels\/index.php\/wp-json\/wp\/v2\/types\/product"}],"replies":[{"embeddable":true,"href":"https:\/\/srab.brussels\/index.php\/wp-json\/wp\/v2\/comments?post=13566"}],"wp:featuredmedia":[{"embeddable":true,"href":"https:\/\/srab.brussels\/index.php\/wp-json\/wp\/v2\/media\/13530"}],"wp:attachment":[{"href":"https:\/\/srab.brussels\/index.php\/wp-json\/wp\/v2\/media?parent=13566"}],"wp:term":[{"taxonomy":"product_brand","embeddable":true,"href":"https:\/\/srab.brussels\/index.php\/wp-json\/wp\/v2\/product_brand?post=13566"},{"taxonomy":"product_cat","embeddable":true,"href":"https:\/\/srab.brussels\/index.php\/wp-json\/wp\/v2\/product_cat?post=13566"},{"taxonomy":"product_tag","embeddable":true,"href":"https:\/\/srab.brussels\/index.php\/wp-json\/wp\/v2\/product_tag?post=13566"}],"curies":[{"name":"wp","href":"https:\/\/api.w.org\/{rel}","templated":true}]}}