{"id":13564,"date":"2022-07-08T11:11:10","date_gmt":"2022-07-08T09:11:10","guid":{"rendered":"https:\/\/srab.brussels\/?post_type=product&#038;p=13564"},"modified":"2022-07-08T11:11:10","modified_gmt":"2022-07-08T09:11:10","slug":"tome-60-1991","status":"publish","type":"product","link":"https:\/\/srab.brussels\/index.php\/produit\/tome-60-1991\/","title":{"rendered":"Tome 60 &#8211; 1991"},"content":{"rendered":"<p><strong>Annales de la Soci\u00e9t\u00e9 royale d\u2019Arch\u00e9ologie de Bruxelles\u00a0 \u2013 tome 60 \u2013 1991<\/strong><\/p>\n<p>Arlette SMOLAR-MEYNART, <em>LA JUSTICE DUCALE DU PLAT PAYS, DES FORETS ET DES CHASSES EN BRABANT (XII<span class=\"exposant\">e<\/span>-XVI<span class=\"exposant\">e<\/span> SIECLES). S\u00c9N\u00c9CHAL, MA\u00ceTRE DES BOIS, GRUYER, GRAND VENEUR<\/em><\/p>\n<ul>\n<li>Introduction<\/li>\n<li>Chapitre I &#8211; <em>La gen\u00e8se des officiers sup\u00e9rieurs<\/em><\/li>\n<li>Chapitre II &#8211; <em>Le statut des officiers sup\u00e9rieurs de justice <\/em><\/li>\n<li>Chapitre III &#8211; <em>L\u2019organisation des offices <\/em><\/li>\n<li>Chapitre IV &#8211; <em>Le ressort territorial <\/em><\/li>\n<li>Chapitre V &#8211; <em>La comp\u00e9tence<\/em><\/li>\n<li>Chapitre VI &#8211; <em>La proc\u00e9dure <\/em><\/li>\n<li>Chapitre VII &#8211; <em>La l\u00e9gislation et son \u00e9volution <\/em><\/li>\n<li>Chapitre VIII &#8211; <em>L\u2019int\u00e9gration des offices sup\u00e9rieurs dans l\u2019appareil judiciaire braban\u00e7on<\/em><\/li>\n<li>Chapitre IX &#8211; <em>Le r\u00f4le du Drossard dans l\u2019administration g\u00e9n\u00e9rale du duch\u00e9<\/em><\/li>\n<li>Chapitre X &#8211; <em>La participation du Grand Forestier et du Gruyer \u00e0 l\u2019exploitation des bois et des garennes<\/em><\/li>\n<li>Chapitre XI &#8211; <em>Esquisse d\u2019\u00e9tude comparative\u00a0: les justiciers sup\u00e9rieurs des principaut\u00e9s voisines du Braba<\/em>nt<\/li>\n<li>Conclusion g\u00e9n\u00e9rale\u00a0: <em>du XIII<span class=\"exposant\">e<\/span> au XVI<span class=\"exposant\">e<\/span> si\u00e8cl<\/em>e<\/li>\n<li>\u00c9pilogue\u00a0: <em>du XVI<span class=\"exposant\">e<\/span> au XVIII<span class=\"exposant\">e<\/span> si\u00e8cle<\/em><\/li>\n<\/ul>\n","protected":false},"excerpt":{"rendered":"<p>Annales de la Soci\u00e9t\u00e9 royale d\u2019Arch\u00e9ologie de Bruxelles\u00a0 \u2013 tome 60 \u2013 1991 Arlette SMOLAR-MEYNART, LA JUSTICE DUCALE DU PLAT PAYS, DES FORETS ET DES CHASSES EN BRABANT (XIIe-XVIe SIECLES). S\u00c9N\u00c9CHAL, MA\u00ceTRE DES BOIS, GRUYER, GRAND VENEUR Introduction Chapitre I &#8211; La gen\u00e8se des officiers sup\u00e9rieurs Chapitre II &#8211; Le statut des officiers sup\u00e9rieurs de [&#8230;]<\/p>\n","protected":false},"featured_media":13532,"comment_status":"open","ping_status":"closed","template":"","meta":[],"product_brand":[],"product_cat":[84,86],"product_tag":[],"class_list":{"0":"post-13564","1":"product","2":"type-product","3":"status-publish","4":"has-post-thumbnail","6":"product_cat-asrab","7":"product_cat-publications","9":"first","10":"instock","11":"taxable","12":"shipping-taxable","13":"purchasable","14":"product-type-simple"},"jetpack_sharing_enabled":true,"_links":{"self":[{"href":"https:\/\/srab.brussels\/index.php\/wp-json\/wp\/v2\/product\/13564","targetHints":{"allow":["GET"]}}],"collection":[{"href":"https:\/\/srab.brussels\/index.php\/wp-json\/wp\/v2\/product"}],"about":[{"href":"https:\/\/srab.brussels\/index.php\/wp-json\/wp\/v2\/types\/product"}],"replies":[{"embeddable":true,"href":"https:\/\/srab.brussels\/index.php\/wp-json\/wp\/v2\/comments?post=13564"}],"wp:featuredmedia":[{"embeddable":true,"href":"https:\/\/srab.brussels\/index.php\/wp-json\/wp\/v2\/media\/13532"}],"wp:attachment":[{"href":"https:\/\/srab.brussels\/index.php\/wp-json\/wp\/v2\/media?parent=13564"}],"wp:term":[{"taxonomy":"product_brand","embeddable":true,"href":"https:\/\/srab.brussels\/index.php\/wp-json\/wp\/v2\/product_brand?post=13564"},{"taxonomy":"product_cat","embeddable":true,"href":"https:\/\/srab.brussels\/index.php\/wp-json\/wp\/v2\/product_cat?post=13564"},{"taxonomy":"product_tag","embeddable":true,"href":"https:\/\/srab.brussels\/index.php\/wp-json\/wp\/v2\/product_tag?post=13564"}],"curies":[{"name":"wp","href":"https:\/\/api.w.org\/{rel}","templated":true}]}}