{"id":13563,"date":"2022-07-08T11:09:48","date_gmt":"2022-07-08T09:09:48","guid":{"rendered":"https:\/\/srab.brussels\/?post_type=product&#038;p=13563"},"modified":"2022-07-08T11:10:01","modified_gmt":"2022-07-08T09:10:01","slug":"tome-61-1996","status":"publish","type":"product","link":"https:\/\/srab.brussels\/index.php\/produit\/tome-61-1996\/","title":{"rendered":"Tome 61 &#8211; 1996"},"content":{"rendered":"<p><strong>Annales de la Soci\u00e9t\u00e9 royale d\u2019Arch\u00e9ologie de Bruxelles\u00a0 \u2013 tome 61 \u2013 1996<\/strong><\/p>\n<ul>\n<li>Didier MARTENS, <em>&#8220;Onbekend Pinxit&#8221;. Un po\u00e8me satirique de 1922 <\/em><\/li>\n<li>Didier MARTENS, <em>Le rayonnement europ\u00e9en de Rogier de la Pasture (vers 1400-1464), peintre de la Ville de Bruxelles <\/em><\/li>\n<li>Achim SIMON, <em>Ein Kalvarienberg im Christlichen Museum von Esztergom (Ungarn). Zur Weyden-Rezeption in S\u00fcddeutschland. Un calvaire weydien au Mus\u00e9e Chr\u00e9tien d&#8217;Esztergom (Hongrie) et l&#8217;influence de Rogier de la Pasture dans le sud de l&#8217;Allemagne<\/em><\/li>\n<li>Catheline P\u00c9RIER-D\u2019IETEREN, <em>Les volets peints malinois du Retable de la Passion d\u2019Elmpt (Rh\u00e9nanie) et ceux du Retable des Templiers de Vienne<\/em><\/li>\n<li>Philippe DELLIS, <em>\u0152uvres inconnues du peintre bruxellois Fran\u00e7ois Coppens (1628-1685) <\/em><\/li>\n<li>Philippe DE ZUTTERE, <em>Quelques artistes et officiers civils au service de Charles-Alexandre de Lorraine, gouverneur g\u00e9n\u00e9ral des Pays-Bas autrichiens. Glanes sur eux et leurs familles (deuxi\u00e8me partie)<\/em><\/li>\n<li>Anne BUYLE, <em>Un cimeti\u00e8re \u00e0 La Cambre (Ixelles) au XIX<span class=\"exposant\">e<\/span> si\u00e8cle <\/em><\/li>\n<li>Pierre-Paul BONENFANT &#8211; Michel FOURNY, <em>Chronique des fouilles de la Soci\u00e9t\u00e9 Royale d\u2019Arch\u00e9ologie de Bruxelles \u00a0\u00a0\u00a0<\/em><br \/>\n&#8211; <em>Vestiges d\u2019habitat m\u00e9di\u00e9val et post-m\u00e9di\u00e9val, rue Notre-Seigneur \u00e0 Bruxelles<\/em><br \/>\n&#8211; <em>Fouilles<\/em> <em>dans le cimeti\u00e8re du XVIII<span class=\"exposant\">e<\/span> si\u00e8cle de l\u2019h\u00f4pital Saint-Jean \u00e0 Bruxelles<\/em><br \/>\n&#8211; <em>Vestiges de caves du XVIII<span class=\"exposant\">e<\/span> si\u00e8cle aux abords de l\u2019\u00e9glise Sainte-\u00c9lisabeth \u00e0 Haeren (Bruxelles)<\/em><br \/>\n&#8211; <em>Tombes du XIX<span class=\"exposant\">e<\/span> si\u00e8cle dans l\u2019ancien p\u00e9rim\u00e8tre conventuel de la Cambre (Ixelles)<\/em><\/li>\n<\/ul>\n","protected":false},"excerpt":{"rendered":"<p>Annales de la Soci\u00e9t\u00e9 royale d\u2019Arch\u00e9ologie de Bruxelles\u00a0 \u2013 tome 61 \u2013 1996 Didier MARTENS, &#8220;Onbekend Pinxit&#8221;. Un po\u00e8me satirique de 1922 Didier MARTENS, Le rayonnement europ\u00e9en de Rogier de la Pasture (vers 1400-1464), peintre de la Ville de Bruxelles Achim SIMON, Ein Kalvarienberg im Christlichen Museum von Esztergom (Ungarn). Zur Weyden-Rezeption in S\u00fcddeutschland. Un [&#8230;]<\/p>\n","protected":false},"featured_media":13533,"comment_status":"open","ping_status":"closed","template":"","meta":[],"product_brand":[],"product_cat":[84,86],"product_tag":[],"class_list":{"0":"post-13563","1":"product","2":"type-product","3":"status-publish","4":"has-post-thumbnail","6":"product_cat-asrab","7":"product_cat-publications","9":"first","10":"instock","11":"taxable","12":"shipping-taxable","13":"purchasable","14":"product-type-simple"},"jetpack_sharing_enabled":true,"_links":{"self":[{"href":"https:\/\/srab.brussels\/index.php\/wp-json\/wp\/v2\/product\/13563","targetHints":{"allow":["GET"]}}],"collection":[{"href":"https:\/\/srab.brussels\/index.php\/wp-json\/wp\/v2\/product"}],"about":[{"href":"https:\/\/srab.brussels\/index.php\/wp-json\/wp\/v2\/types\/product"}],"replies":[{"embeddable":true,"href":"https:\/\/srab.brussels\/index.php\/wp-json\/wp\/v2\/comments?post=13563"}],"wp:featuredmedia":[{"embeddable":true,"href":"https:\/\/srab.brussels\/index.php\/wp-json\/wp\/v2\/media\/13533"}],"wp:attachment":[{"href":"https:\/\/srab.brussels\/index.php\/wp-json\/wp\/v2\/media?parent=13563"}],"wp:term":[{"taxonomy":"product_brand","embeddable":true,"href":"https:\/\/srab.brussels\/index.php\/wp-json\/wp\/v2\/product_brand?post=13563"},{"taxonomy":"product_cat","embeddable":true,"href":"https:\/\/srab.brussels\/index.php\/wp-json\/wp\/v2\/product_cat?post=13563"},{"taxonomy":"product_tag","embeddable":true,"href":"https:\/\/srab.brussels\/index.php\/wp-json\/wp\/v2\/product_tag?post=13563"}],"curies":[{"name":"wp","href":"https:\/\/api.w.org\/{rel}","templated":true}]}}