{"id":13562,"date":"2022-07-08T11:08:25","date_gmt":"2022-07-08T09:08:25","guid":{"rendered":"https:\/\/srab.brussels\/?post_type=product&#038;p=13562"},"modified":"2022-07-08T11:08:25","modified_gmt":"2022-07-08T09:08:25","slug":"tome-62-1998","status":"publish","type":"product","link":"https:\/\/srab.brussels\/index.php\/produit\/tome-62-1998\/","title":{"rendered":"Tome 62 &#8211; 1998"},"content":{"rendered":"<p><strong>Annales de la Soci\u00e9t\u00e9 royale d\u2019Arch\u00e9ologie de Bruxelles\u00a0 \u2013 tome 62 \u2013 1998<\/strong><\/p>\n<ul>\n<li><em>Des nouvelles d\u2019Aert van den Bossche<\/em><\/li>\n<li>J\u00e1nos VEGH, &#8220;<em>Mains jointes tourn\u00e9es vers le bas&#8221;. De Roger van der Weyden \u00e0 Paul de Levoca\u00a0: itin\u00e9raire d\u2019un motif<\/em><\/li>\n<li>Didier MARTENS, <em>La &#8220;Sainte Anne trinitaire au chartreux&#8221; de Poznan\u00a0: primitif hollandais ou primitif flamand\u00a0? <\/em><\/li>\n<li>Laura TRAVERSI,<em> Il tema leonardesco dei &#8220;Due Fanciulli che si baciano e abbracciano&#8221;\u00a0: il dipinto di Chatsworth e una proposta attributiva a Jan Massys <\/em><\/li>\n<li>Martin MADL, <em>Une rondache flamande du XVI<span class=\"exposant\">e<\/span> si\u00e8cle conserv\u00e9e au Mus\u00e9e National tch\u00e8que<\/em><\/li>\n<li>Ria FABRI, <em>L\u2019occasion favorable&#8221; de Henri Van Soest \u00e0 Bruxelles en 1716. Ou comment un \u00e9b\u00e9niste anversois tenta de duper ses coll\u00e8gues bruxellois<\/em><\/li>\n<li>Paul DE ZUTTERE, <em>Quelques artistes et officiers civils au service de Charles-Alexandre de Lorraine, gouverneur g\u00e9n\u00e9ral des Pays-Bas autrichiens. Glanes sur eux et leurs familles (troisi\u00e8me partie)<\/em><\/li>\n<li>Pierre-Paul BONENFANT, Michel FOURNY, <em>Chronique des fouilles de la Soci\u00e9t\u00e9 Royale d\u2019Arch\u00e9ologie de Bruxelles <\/em><\/li>\n<\/ul>\n","protected":false},"excerpt":{"rendered":"<p>Annales de la Soci\u00e9t\u00e9 royale d\u2019Arch\u00e9ologie de Bruxelles\u00a0 \u2013 tome 62 \u2013 1998 Des nouvelles d\u2019Aert van den Bossche J\u00e1nos VEGH, &#8220;Mains jointes tourn\u00e9es vers le bas&#8221;. De Roger van der Weyden \u00e0 Paul de Levoca\u00a0: itin\u00e9raire d\u2019un motif Didier MARTENS, La &#8220;Sainte Anne trinitaire au chartreux&#8221; de Poznan\u00a0: primitif hollandais ou primitif flamand\u00a0? Laura [&#8230;]<\/p>\n","protected":false},"featured_media":13534,"comment_status":"open","ping_status":"closed","template":"","meta":[],"product_brand":[],"product_cat":[84,86],"product_tag":[],"class_list":{"0":"post-13562","1":"product","2":"type-product","3":"status-publish","4":"has-post-thumbnail","6":"product_cat-asrab","7":"product_cat-publications","9":"first","10":"instock","11":"taxable","12":"shipping-taxable","13":"purchasable","14":"product-type-simple"},"jetpack_sharing_enabled":true,"_links":{"self":[{"href":"https:\/\/srab.brussels\/index.php\/wp-json\/wp\/v2\/product\/13562","targetHints":{"allow":["GET"]}}],"collection":[{"href":"https:\/\/srab.brussels\/index.php\/wp-json\/wp\/v2\/product"}],"about":[{"href":"https:\/\/srab.brussels\/index.php\/wp-json\/wp\/v2\/types\/product"}],"replies":[{"embeddable":true,"href":"https:\/\/srab.brussels\/index.php\/wp-json\/wp\/v2\/comments?post=13562"}],"wp:featuredmedia":[{"embeddable":true,"href":"https:\/\/srab.brussels\/index.php\/wp-json\/wp\/v2\/media\/13534"}],"wp:attachment":[{"href":"https:\/\/srab.brussels\/index.php\/wp-json\/wp\/v2\/media?parent=13562"}],"wp:term":[{"taxonomy":"product_brand","embeddable":true,"href":"https:\/\/srab.brussels\/index.php\/wp-json\/wp\/v2\/product_brand?post=13562"},{"taxonomy":"product_cat","embeddable":true,"href":"https:\/\/srab.brussels\/index.php\/wp-json\/wp\/v2\/product_cat?post=13562"},{"taxonomy":"product_tag","embeddable":true,"href":"https:\/\/srab.brussels\/index.php\/wp-json\/wp\/v2\/product_tag?post=13562"}],"curies":[{"name":"wp","href":"https:\/\/api.w.org\/{rel}","templated":true}]}}