{"id":13561,"date":"2022-07-08T11:07:04","date_gmt":"2022-07-08T09:07:04","guid":{"rendered":"https:\/\/srab.brussels\/?post_type=product&#038;p=13561"},"modified":"2022-07-08T11:07:04","modified_gmt":"2022-07-08T09:07:04","slug":"tome-63-1999","status":"publish","type":"product","link":"https:\/\/srab.brussels\/index.php\/produit\/tome-63-1999\/","title":{"rendered":"Tome 63 -1999"},"content":{"rendered":"<p><strong>Annales de la Soci\u00e9t\u00e9 royale d\u2019Arch\u00e9ologie de Bruxelles\u00a0 \u2013 tome 63 \u2013 1999<\/strong><\/p>\n<p>M\u00c9LANGES CLAIRE DICKSTEIN-BERNARD (\u00e9diteurs Pierre BONENFANT &amp; Pierre COCKSHAW)<\/p>\n<ul>\n<li>Introduction<\/li>\n<li>Thierry APPELBOOM, <em>L\u2019enseignement de la m\u00e9decine au tournant des XVIII<span class=\"exposant\">e<\/span> et XIX<span class=\"exposant\">e<\/span> si\u00e8cles <\/em><\/li>\n<li>Pierre BONENFANT, Guerric MARCIPONT, Frans DOPER\u00c9, <em>\u00c0 propos de l\u2019Aula Magna. Les mat\u00e9riaux pierreux <\/em><\/li>\n<li>Frans DOPER\u00c9, <em>Les techniques de taille sur le calcaire gr\u00e9seux dans les soubassements de l&#8217;Aula Magna et de la chapelle de l&#8217;ancien palais \u00e0 Bruxelles <\/em><\/li>\n<li>Pierre COCKSHAW, <em>La comptabilit\u00e9 publique dans les \u00c9tats bourguignons. L\u2019exemple des comptes g\u00e9n\u00e9raux <\/em><\/li>\n<li>Annette F\u00c9LIX, <em>Un essai d\u2019humanisation des h\u00f4pitaux mal connu\u00a0: les biblioth\u00e8ques de la Croix-Rouge de Belgique <\/em><\/li>\n<li>Philippe GODDING, <em>La &#8220;Keure&#8221; bruxelloise de 1229. Une relecture <\/em><\/li>\n<li>Miguel-Angel LADERO-QUESADA, <em>Aux origines m\u00e9di\u00e9vales de la politique espagnole face \u00e0 l\u2019Islam m\u00e9diterran\u00e9en <\/em><\/li>\n<li>Ren\u00e9 LAURENT, <em>Les sceaux de l\u2019abbaye et des abb\u00e9s de Villers (XIIe \u2013XVIII<span class=\"exposant\">e<\/span> si\u00e8cles) <\/em><\/li>\n<li>Marguerite LEDOUX-CORBUSIER, <em>Lettre \u00e0 l\u2019archiviste-conservatrice du Mus\u00e9e<\/em><\/li>\n<li>Jean MAHIEU, <em>La carri\u00e8re de Madame Dickstein-Bernard au CPAS<\/em><\/li>\n<li>Didier MARTENS, <em>\u00c9chos de la &#8220;Madone au chanoine Van der Paele&#8221;, en particulier dans l&#8217;oeuvre du Ma\u00eetre brugeois de la l\u00e9gende de sainte Ursule<\/em><\/li>\n<li>Mina MARTENS, <em>Un cartulaire bruxellois, le &#8220;boek met keting&#8221;, destin\u00e9 au futur h\u00e9ritier du Brabant \u00e0 la fin du XIV\u00e8me si\u00e8cle<\/em><\/li>\n<li>Raymond MAYER, <em>La chronique de 33 <\/em><\/li>\n<li>Liane RANIERI, <em>\u00c0 propos de Mark Twain et de son pamphlet &#8220;Le soliloque du roi L\u00e9opold&#8221; (Boston, 1905) <\/em><\/li>\n<li>Francis SARTORIUS, <em>Autour de Marx, Bruxelles 1847-1848, les membres &#8220;Deutscher Arbeiter-Verein&#8221;<\/em><\/li>\n<li>Arlette SMOLAR-MEYNART, <em>De grands travaux dans un contexte politique difficile (1452-1459). L\u00b4Aula Magna du palais de Philippe le Bon \u00e9difi\u00e9e par la Ville de Bruxelles <\/em><\/li>\n<li>Jean STENGERS, <em>Le projet de donation du ch\u00e2teau de Gaasbeek \u00e0 la Ville de Bruxelles <\/em><\/li>\n<li>Marc VAINSEL, <em>Claire Dickstein-Bernard, une historienne \u00e0 l\u2019h\u00f4pital <\/em><\/li>\n<li>Michel VAN DOOSSELAERE, <em>Quelques propos sur le droit \u00e0 l\u2019aide sociale et le droit d\u2019asile <\/em><\/li>\n<li>Andr\u00e9 VANRIE, <em>Un essai de rationalisation des archives de la Croix-Rouge de Belgique <\/em><\/li>\n<\/ul>\n","protected":false},"excerpt":{"rendered":"<p>Annales de la Soci\u00e9t\u00e9 royale d\u2019Arch\u00e9ologie de Bruxelles\u00a0 \u2013 tome 63 \u2013 1999 M\u00c9LANGES CLAIRE DICKSTEIN-BERNARD (\u00e9diteurs Pierre BONENFANT &amp; Pierre COCKSHAW) Introduction Thierry APPELBOOM, L\u2019enseignement de la m\u00e9decine au tournant des XVIIIe et XIXe si\u00e8cles Pierre BONENFANT, Guerric MARCIPONT, Frans DOPER\u00c9, \u00c0 propos de l\u2019Aula Magna. Les mat\u00e9riaux pierreux Frans DOPER\u00c9, Les techniques de [&#8230;]<\/p>\n","protected":false},"featured_media":13535,"comment_status":"open","ping_status":"closed","template":"","meta":[],"product_brand":[],"product_cat":[84,86],"product_tag":[],"class_list":{"0":"post-13561","1":"product","2":"type-product","3":"status-publish","4":"has-post-thumbnail","6":"product_cat-asrab","7":"product_cat-publications","9":"first","10":"instock","11":"taxable","12":"shipping-taxable","13":"purchasable","14":"product-type-simple"},"jetpack_sharing_enabled":true,"_links":{"self":[{"href":"https:\/\/srab.brussels\/index.php\/wp-json\/wp\/v2\/product\/13561","targetHints":{"allow":["GET"]}}],"collection":[{"href":"https:\/\/srab.brussels\/index.php\/wp-json\/wp\/v2\/product"}],"about":[{"href":"https:\/\/srab.brussels\/index.php\/wp-json\/wp\/v2\/types\/product"}],"replies":[{"embeddable":true,"href":"https:\/\/srab.brussels\/index.php\/wp-json\/wp\/v2\/comments?post=13561"}],"wp:featuredmedia":[{"embeddable":true,"href":"https:\/\/srab.brussels\/index.php\/wp-json\/wp\/v2\/media\/13535"}],"wp:attachment":[{"href":"https:\/\/srab.brussels\/index.php\/wp-json\/wp\/v2\/media?parent=13561"}],"wp:term":[{"taxonomy":"product_brand","embeddable":true,"href":"https:\/\/srab.brussels\/index.php\/wp-json\/wp\/v2\/product_brand?post=13561"},{"taxonomy":"product_cat","embeddable":true,"href":"https:\/\/srab.brussels\/index.php\/wp-json\/wp\/v2\/product_cat?post=13561"},{"taxonomy":"product_tag","embeddable":true,"href":"https:\/\/srab.brussels\/index.php\/wp-json\/wp\/v2\/product_tag?post=13561"}],"curies":[{"name":"wp","href":"https:\/\/api.w.org\/{rel}","templated":true}]}}