{"id":13558,"date":"2022-07-08T10:39:47","date_gmt":"2022-07-08T08:39:47","guid":{"rendered":"https:\/\/srab.brussels\/?post_type=product&#038;p=13558"},"modified":"2022-07-08T10:39:48","modified_gmt":"2022-07-08T08:39:48","slug":"tome-65-2002","status":"publish","type":"product","link":"https:\/\/srab.brussels\/index.php\/produit\/tome-65-2002\/","title":{"rendered":"Tome 65 &#8211; 2002"},"content":{"rendered":"<p><strong>Annales de la Soci\u00e9t\u00e9 royale d\u2019Arch\u00e9ologie de Bruxelles\u00a0 \u2013 tome 65 \u2013 2002<\/strong><\/p>\n<ul>\n<li>A. LETOR, C. LOIR, J.-M. ROSILLON, <em>La galerie de l\u2019h\u00f4tel d\u2019Antoine de Lalaing \u00e0 Bruxelles\u00a0: un reflet de la cour gothico-renaissante de Marguerite d\u2019Autriche<\/em>, p.\u00a011-60<\/li>\n<li>E. ROOBAERT,<em> Jan de Clerc dit van Antwerpen, licier et marchand de tapisseries : sa participation \u00e0 la vie publique et au d\u00e9veloppement de l\u2019industrie de la tapisserie \u00e0 Bruxelles (1486 \u00e0 1539)<\/em>, p. 61-104<\/li>\n<li>D. MARTENS, <em>Transmission et m\u00e9tamorphose d\u2019un mod\u00e8le\u00a0: la descendance au XVI<span class=\"exposant\">e<\/span> si\u00e8cle de la &#8220;Virgo inter virgines&#8221; attribu\u00e9e \u00e0 Hugo van der Goes<\/em>, p. 105-188<\/li>\n<li>Ph. MOUREAUX, <em>J. Peterinck, porcelaine \u00e0 Tournai et ing\u00e9nieur en d\u00e9molition \u00e0 Bruxelles<\/em>, p. 189-214<\/li>\n<li>Pierre P. BONENFANT, M. FOURNY, M. LE BON, <em>Taphonomie de l\u2019Aula Magna de Bruxelles. Note arch\u00e9ologique<\/em>, p.\u00a0215-234<\/li>\n<li>P. DE ZUTTERE, <em>Quelques artistes et officiers civils au service de Charles-Alexandre de Lorraine, Gouverneur G\u00e9n\u00e9ral des Pays-Bas Autrichiens. Glanes sur eux et leurs familles (quatri\u00e8me partie)<\/em>, p.\u00a0235-272<\/li>\n<li>J. BLANKOFF, <em>L\u2019arch\u00e9ologie en Russie et en Ukraine. Chronique bibliographique<\/em>, p.\u00a0273-294<\/li>\n<\/ul>\n","protected":false},"excerpt":{"rendered":"<p>Annales de la Soci\u00e9t\u00e9 royale d\u2019Arch\u00e9ologie de Bruxelles\u00a0 \u2013 tome 65 \u2013 2002 A. LETOR, C. LOIR, J.-M. ROSILLON, La galerie de l\u2019h\u00f4tel d\u2019Antoine de Lalaing \u00e0 Bruxelles\u00a0: un reflet de la cour gothico-renaissante de Marguerite d\u2019Autriche, p.\u00a011-60 E. ROOBAERT, Jan de Clerc dit van Antwerpen, licier et marchand de tapisseries : sa participation \u00e0 [&#8230;]<\/p>\n","protected":false},"featured_media":13537,"comment_status":"open","ping_status":"closed","template":"","meta":[],"product_brand":[],"product_cat":[84,86],"product_tag":[],"class_list":{"0":"post-13558","1":"product","2":"type-product","3":"status-publish","4":"has-post-thumbnail","6":"product_cat-asrab","7":"product_cat-publications","9":"first","10":"instock","11":"taxable","12":"shipping-taxable","13":"product-type-simple"},"jetpack_sharing_enabled":true,"_links":{"self":[{"href":"https:\/\/srab.brussels\/index.php\/wp-json\/wp\/v2\/product\/13558","targetHints":{"allow":["GET"]}}],"collection":[{"href":"https:\/\/srab.brussels\/index.php\/wp-json\/wp\/v2\/product"}],"about":[{"href":"https:\/\/srab.brussels\/index.php\/wp-json\/wp\/v2\/types\/product"}],"replies":[{"embeddable":true,"href":"https:\/\/srab.brussels\/index.php\/wp-json\/wp\/v2\/comments?post=13558"}],"wp:featuredmedia":[{"embeddable":true,"href":"https:\/\/srab.brussels\/index.php\/wp-json\/wp\/v2\/media\/13537"}],"wp:attachment":[{"href":"https:\/\/srab.brussels\/index.php\/wp-json\/wp\/v2\/media?parent=13558"}],"wp:term":[{"taxonomy":"product_brand","embeddable":true,"href":"https:\/\/srab.brussels\/index.php\/wp-json\/wp\/v2\/product_brand?post=13558"},{"taxonomy":"product_cat","embeddable":true,"href":"https:\/\/srab.brussels\/index.php\/wp-json\/wp\/v2\/product_cat?post=13558"},{"taxonomy":"product_tag","embeddable":true,"href":"https:\/\/srab.brussels\/index.php\/wp-json\/wp\/v2\/product_tag?post=13558"}],"curies":[{"name":"wp","href":"https:\/\/api.w.org\/{rel}","templated":true}]}}