{"id":13556,"date":"2022-07-08T10:33:41","date_gmt":"2022-07-08T08:33:41","guid":{"rendered":"https:\/\/srab.brussels\/?post_type=product&#038;p=13556"},"modified":"2022-07-08T10:33:41","modified_gmt":"2022-07-08T08:33:41","slug":"tome-67-2006","status":"publish","type":"product","link":"https:\/\/srab.brussels\/index.php\/produit\/tome-67-2006\/","title":{"rendered":"Tome 67 &#8211; 2006"},"content":{"rendered":"<p><strong>Annales de la Soci\u00e9t\u00e9 royale d\u2019Arch\u00e9ologie de Bruxelles\u00a0 \u2013 tome 67 \u2013 2006<\/strong><\/p>\n<p>&nbsp;<\/p>\n<ul>\n<li>David KUSMAN, <em>Une couronne anglaise pour le duc de Brabant? L\u2019engagement de joyaux du roi d\u2019Angleterre \u00e0 Bruxelles et \u00e0 Li\u00e8ge (1297-1298)<\/em>, p.\u00a011-50<\/li>\n<li>Claire DICKSTEIN-BERNARD, <em>La construction de l\u2019Aula Magna au Palais du Coudenberg. Les pr\u00e9liminaires<\/em> (1451-1452), p.\u00a051-76<\/li>\n<li>Shipe GURI, <em>Les divertissements et r\u00e9jouissances de la noblesse \u00e0 Bruxelles (1634-1680)<\/em>, p.\u00a077-159<\/li>\n<\/ul>\n","protected":false},"excerpt":{"rendered":"<p>Annales de la Soci\u00e9t\u00e9 royale d\u2019Arch\u00e9ologie de Bruxelles\u00a0 \u2013 tome 67 \u2013 2006 &nbsp; David KUSMAN, Une couronne anglaise pour le duc de Brabant? L\u2019engagement de joyaux du roi d\u2019Angleterre \u00e0 Bruxelles et \u00e0 Li\u00e8ge (1297-1298), p.\u00a011-50 Claire DICKSTEIN-BERNARD, La construction de l\u2019Aula Magna au Palais du Coudenberg. Les pr\u00e9liminaires (1451-1452), p.\u00a051-76 Shipe GURI, Les [&#8230;]<\/p>\n","protected":false},"featured_media":13539,"comment_status":"open","ping_status":"closed","template":"","meta":[],"product_brand":[],"product_cat":[84,86],"product_tag":[],"class_list":{"0":"post-13556","1":"product","2":"type-product","3":"status-publish","4":"has-post-thumbnail","6":"product_cat-asrab","7":"product_cat-publications","9":"first","10":"instock","11":"taxable","12":"shipping-taxable","13":"purchasable","14":"product-type-simple"},"jetpack_sharing_enabled":true,"_links":{"self":[{"href":"https:\/\/srab.brussels\/index.php\/wp-json\/wp\/v2\/product\/13556","targetHints":{"allow":["GET"]}}],"collection":[{"href":"https:\/\/srab.brussels\/index.php\/wp-json\/wp\/v2\/product"}],"about":[{"href":"https:\/\/srab.brussels\/index.php\/wp-json\/wp\/v2\/types\/product"}],"replies":[{"embeddable":true,"href":"https:\/\/srab.brussels\/index.php\/wp-json\/wp\/v2\/comments?post=13556"}],"wp:featuredmedia":[{"embeddable":true,"href":"https:\/\/srab.brussels\/index.php\/wp-json\/wp\/v2\/media\/13539"}],"wp:attachment":[{"href":"https:\/\/srab.brussels\/index.php\/wp-json\/wp\/v2\/media?parent=13556"}],"wp:term":[{"taxonomy":"product_brand","embeddable":true,"href":"https:\/\/srab.brussels\/index.php\/wp-json\/wp\/v2\/product_brand?post=13556"},{"taxonomy":"product_cat","embeddable":true,"href":"https:\/\/srab.brussels\/index.php\/wp-json\/wp\/v2\/product_cat?post=13556"},{"taxonomy":"product_tag","embeddable":true,"href":"https:\/\/srab.brussels\/index.php\/wp-json\/wp\/v2\/product_tag?post=13556"}],"curies":[{"name":"wp","href":"https:\/\/api.w.org\/{rel}","templated":true}]}}