{"id":13553,"date":"2022-07-08T10:24:51","date_gmt":"2022-07-08T08:24:51","guid":{"rendered":"https:\/\/srab.brussels\/?post_type=product&#038;p=13553"},"modified":"2022-07-08T10:24:51","modified_gmt":"2022-07-08T08:24:51","slug":"tome-70-2009-2011","status":"publish","type":"product","link":"https:\/\/srab.brussels\/index.php\/produit\/tome-70-2009-2011\/","title":{"rendered":"Tome 70 &#8211; 2009-2011"},"content":{"rendered":"<p><strong>Annales de la Soci\u00e9t\u00e9 royale d\u2019Arch\u00e9ologie de Bruxelles\u00a0 \u2013 tome 70 \u2013 2009-2011<\/strong><\/p>\n<ul>\n<li>Didier MARTENS, <em>Mod\u00e8le<\/em><em>(s) et traductions (s)\u00a0: autour de deux Primitifs braban\u00e7ons du Museo de Zaragoza<\/em>, p.\u00a09-54<\/li>\n<li>Cl\u00e9mence MATHIEU, <em>L\u2019habitat de la petite noblesse dans l\u2019ancien Comt\u00e9 de Hainaut <\/em><em>(1400-1750)\u00a0: le cas de Chimay-Beaumont et les ma\u00eetres de forges<\/em>, p.\u00a055-106<\/li>\n<li>Michel FOURNY, <em>Essai de restitution du plan directeur de la chapelle de la cour de Bruxelles<\/em>, p.\u00a0107-170<\/li>\n<li>Anne BUYLE, <em>Consid\u00e9rations sur quelques plans de la chapelle du palais de Bruxelles dress\u00e9s \u00e0 l\u2019occasion de c\u00e9r\u00e9monies et sur leurs auteurs<\/em>, p.\u00a0171-208<\/li>\n<li>Antoine DARCHAMBEAU, <em>Un rivage \u00e0 Bruxelles<\/em><em>\u00a0: identit\u00e9s, organisation et perception d\u2019un quartier portuaire au XVIIIe si\u00e8cle<\/em>, p.\u00a0209-266<\/li>\n<li>Jean DIEU, <em>L\u2019affaire David<\/em>, p.\u00a0267-338<\/li>\n<\/ul>\n","protected":false},"excerpt":{"rendered":"<p>Annales de la Soci\u00e9t\u00e9 royale d\u2019Arch\u00e9ologie de Bruxelles\u00a0 \u2013 tome 70 \u2013 2009-2011 Didier MARTENS, Mod\u00e8le(s) et traductions (s)\u00a0: autour de deux Primitifs braban\u00e7ons du Museo de Zaragoza, p.\u00a09-54 Cl\u00e9mence MATHIEU, L\u2019habitat de la petite noblesse dans l\u2019ancien Comt\u00e9 de Hainaut (1400-1750)\u00a0: le cas de Chimay-Beaumont et les ma\u00eetres de forges, p.\u00a055-106 Michel FOURNY, Essai [&#8230;]<\/p>\n","protected":false},"featured_media":13542,"comment_status":"open","ping_status":"closed","template":"","meta":[],"product_brand":[],"product_cat":[84,86],"product_tag":[],"class_list":{"0":"post-13553","1":"product","2":"type-product","3":"status-publish","4":"has-post-thumbnail","6":"product_cat-asrab","7":"product_cat-publications","9":"first","10":"instock","11":"taxable","12":"shipping-taxable","13":"product-type-simple"},"jetpack_sharing_enabled":true,"_links":{"self":[{"href":"https:\/\/srab.brussels\/index.php\/wp-json\/wp\/v2\/product\/13553","targetHints":{"allow":["GET"]}}],"collection":[{"href":"https:\/\/srab.brussels\/index.php\/wp-json\/wp\/v2\/product"}],"about":[{"href":"https:\/\/srab.brussels\/index.php\/wp-json\/wp\/v2\/types\/product"}],"replies":[{"embeddable":true,"href":"https:\/\/srab.brussels\/index.php\/wp-json\/wp\/v2\/comments?post=13553"}],"wp:featuredmedia":[{"embeddable":true,"href":"https:\/\/srab.brussels\/index.php\/wp-json\/wp\/v2\/media\/13542"}],"wp:attachment":[{"href":"https:\/\/srab.brussels\/index.php\/wp-json\/wp\/v2\/media?parent=13553"}],"wp:term":[{"taxonomy":"product_brand","embeddable":true,"href":"https:\/\/srab.brussels\/index.php\/wp-json\/wp\/v2\/product_brand?post=13553"},{"taxonomy":"product_cat","embeddable":true,"href":"https:\/\/srab.brussels\/index.php\/wp-json\/wp\/v2\/product_cat?post=13553"},{"taxonomy":"product_tag","embeddable":true,"href":"https:\/\/srab.brussels\/index.php\/wp-json\/wp\/v2\/product_tag?post=13553"}],"curies":[{"name":"wp","href":"https:\/\/api.w.org\/{rel}","templated":true}]}}