{"id":13551,"date":"2022-07-08T10:18:34","date_gmt":"2022-07-08T08:18:34","guid":{"rendered":"https:\/\/srab.brussels\/?post_type=product&#038;p=13551"},"modified":"2022-07-08T10:28:35","modified_gmt":"2022-07-08T08:28:35","slug":"tome-72-2014","status":"publish","type":"product","link":"https:\/\/srab.brussels\/index.php\/produit\/tome-72-2014\/","title":{"rendered":"Tome 72 &#8211; 2014"},"content":{"rendered":"<p><strong>Annales de la Soci\u00e9t\u00e9 royale d\u2019Arch\u00e9ologie de Bruxelles\u00a0 \u2013 tome 72 \u2013 2014<\/strong><\/p>\n<ul>\n<li>Michel FOURNY, Ren\u00e9 BORREMANS et Sylvie de LONGUEVILLE, <em>C\u00e9ramiques m\u00e9di\u00e9vales issues des fouilles de l\u2019ancienne coll\u00e9giale Saints-Michel-et-Gudule \u00e0 Bruxelles. De nouveaux indices d\u2019une pr\u00e9sence carolingienne<\/em>, p.\u00a09-105<\/li>\n<li>Michel FOURNY, <em>Une \u0153uvre de l\u2019atelier des Embriachi de sculpture sur ivoire (Venise, vers 1400). Fragments d\u00e9couverts \u00e0 Bruxelles lors des fouilles de la grande salle d\u2019apparat (Aula Magna) de Philippe le Bon<\/em>, p.\u00a0107-167<\/li>\n<li>Pierre ANAGNOSTOPOULOS, <strong>\u00a0<\/strong><em>Restitution d\u2019un blason de la famille Micault (XVIe si\u00e8cle). Fragments recueillis lors des fouilles de la cath\u00e9drale Saints-Michel-et-Gudule \u00e0 Bruxelles<\/em>, p.\u00a0169-185<\/li>\n<li>Claude GAIER, <em>L\u2019ancien arsenal du palais du Coudenberg : \u00e9tude arch\u00e9ologique et historique<\/em>, p. 187-225<\/li>\n<li>Anne BUYLE et Michel FOURNY, <em>Les offices am\u00e9nag\u00e9s sous la chapelle du palais du Coudenberg au XVIe si\u00e8cle \u00e0 Bruxelles. Archives et iconographie in\u00e9dites du XVIIIe si\u00e8cle<\/em>, p.\u00a0227-283<\/li>\n<li>St\u00e9phanie BECCO, <em>Les orphelinats et leurs habitants \u00e0 Bruxelles au XVIIIe si\u00e8cle<\/em>, p.\u00a0285-325<\/li>\n<li>Anne BUYLE, <em>Un peintre et sculpteur li\u00e9geois au ch\u00e2teau de Merode : Renier Rendeux et son commanditaire, Jean-Philippe-Eug\u00e8ne de Merode, marquis de Westerloo<\/em>, p.\u00a0327-421<\/li>\n<li>Jacques de LANDSBERG, <em>Esquisse d\u2019une iconographie du Christ mort, seul, couch\u00e9 sur son linceul<\/em>, p.\u00a0423-466<\/li>\n<li>Ell\u00e9nita de MOL, <em>La peinture d\u2019Edmond Van Hove : une \u0153uvre intimement li\u00e9e \u00e0 Bruges<\/em>, p.\u00a0467-500<\/li>\n<\/ul>\n","protected":false},"excerpt":{"rendered":"<p>Annales de la Soci\u00e9t\u00e9 royale d\u2019Arch\u00e9ologie de Bruxelles\u00a0 \u2013 tome 72 \u2013 2014 Michel FOURNY, Ren\u00e9 BORREMANS et Sylvie de LONGUEVILLE, C\u00e9ramiques m\u00e9di\u00e9vales issues des fouilles de l\u2019ancienne coll\u00e9giale Saints-Michel-et-Gudule \u00e0 Bruxelles. De nouveaux indices d\u2019une pr\u00e9sence carolingienne, p.\u00a09-105 Michel FOURNY, Une \u0153uvre de l\u2019atelier des Embriachi de sculpture sur ivoire (Venise, vers 1400). Fragments [&#8230;]<\/p>\n","protected":false},"featured_media":13544,"comment_status":"open","ping_status":"closed","template":"","meta":[],"product_brand":[],"product_cat":[84,86],"product_tag":[],"class_list":{"0":"post-13551","1":"product","2":"type-product","3":"status-publish","4":"has-post-thumbnail","6":"product_cat-asrab","7":"product_cat-publications","9":"first","10":"instock","11":"taxable","12":"shipping-taxable","13":"purchasable","14":"product-type-simple"},"jetpack_sharing_enabled":true,"_links":{"self":[{"href":"https:\/\/srab.brussels\/index.php\/wp-json\/wp\/v2\/product\/13551","targetHints":{"allow":["GET"]}}],"collection":[{"href":"https:\/\/srab.brussels\/index.php\/wp-json\/wp\/v2\/product"}],"about":[{"href":"https:\/\/srab.brussels\/index.php\/wp-json\/wp\/v2\/types\/product"}],"replies":[{"embeddable":true,"href":"https:\/\/srab.brussels\/index.php\/wp-json\/wp\/v2\/comments?post=13551"}],"wp:featuredmedia":[{"embeddable":true,"href":"https:\/\/srab.brussels\/index.php\/wp-json\/wp\/v2\/media\/13544"}],"wp:attachment":[{"href":"https:\/\/srab.brussels\/index.php\/wp-json\/wp\/v2\/media?parent=13551"}],"wp:term":[{"taxonomy":"product_brand","embeddable":true,"href":"https:\/\/srab.brussels\/index.php\/wp-json\/wp\/v2\/product_brand?post=13551"},{"taxonomy":"product_cat","embeddable":true,"href":"https:\/\/srab.brussels\/index.php\/wp-json\/wp\/v2\/product_cat?post=13551"},{"taxonomy":"product_tag","embeddable":true,"href":"https:\/\/srab.brussels\/index.php\/wp-json\/wp\/v2\/product_tag?post=13551"}],"curies":[{"name":"wp","href":"https:\/\/api.w.org\/{rel}","templated":true}]}}