{"id":13550,"date":"2022-07-08T10:17:06","date_gmt":"2022-07-08T08:17:06","guid":{"rendered":"https:\/\/srab.brussels\/?post_type=product&#038;p=13550"},"modified":"2022-07-08T10:17:06","modified_gmt":"2022-07-08T08:17:06","slug":"tome-73-2015","status":"publish","type":"product","link":"https:\/\/srab.brussels\/index.php\/produit\/tome-73-2015\/","title":{"rendered":"Tome 73 &#8211; 2015"},"content":{"rendered":"<p><strong>Annales de la Soci\u00e9t\u00e9 royale d\u2019Arch\u00e9ologie de Bruxelles\u00a0 \u2013 tome 73 \u2013 2015<\/strong><\/p>\n<ul>\n<li>Sacha ZDANOV, <em>Quelques pr\u00e9cisions sur deux dessins de la collection Adornes et sur l&#8217;oratoire de la chapelle de J\u00e9rusalem \u00e0 Bruges<\/em>, p.\u00a09-40.<\/li>\n<li>\u00c9lodie BASSO, <em>La mobilit\u00e9 spatiale des \u00e9lites \u00e0 Bruxelles au XVIIIe\u00a0si\u00e8cle<\/em>, p.\u00a041-76.<\/li>\n<li>Pol DEFOSSE, <em>Histoire d&#8217;une statue encombrante : le monument d\u00e9di\u00e9 \u00e0 Francisco Ferrer<\/em>, p.\u00a077-290.<\/li>\n<li>En fin de volume est publi\u00e9e la r\u00e9vision des statuts de l&#8217;asbl, p.\u00a0291-307.<\/li>\n<\/ul>\n","protected":false},"excerpt":{"rendered":"<p>Annales de la Soci\u00e9t\u00e9 royale d\u2019Arch\u00e9ologie de Bruxelles\u00a0 \u2013 tome 73 \u2013 2015 Sacha ZDANOV, Quelques pr\u00e9cisions sur deux dessins de la collection Adornes et sur l&#8217;oratoire de la chapelle de J\u00e9rusalem \u00e0 Bruges, p.\u00a09-40. \u00c9lodie BASSO, La mobilit\u00e9 spatiale des \u00e9lites \u00e0 Bruxelles au XVIIIe\u00a0si\u00e8cle, p.\u00a041-76. Pol DEFOSSE, Histoire d&#8217;une statue encombrante : le [&#8230;]<\/p>\n","protected":false},"featured_media":13545,"comment_status":"open","ping_status":"closed","template":"","meta":[],"product_brand":[],"product_cat":[84,86],"product_tag":[],"class_list":{"0":"post-13550","1":"product","2":"type-product","3":"status-publish","4":"has-post-thumbnail","6":"product_cat-asrab","7":"product_cat-publications","9":"first","10":"instock","11":"taxable","12":"shipping-taxable","13":"purchasable","14":"product-type-simple"},"jetpack_sharing_enabled":true,"_links":{"self":[{"href":"https:\/\/srab.brussels\/index.php\/wp-json\/wp\/v2\/product\/13550","targetHints":{"allow":["GET"]}}],"collection":[{"href":"https:\/\/srab.brussels\/index.php\/wp-json\/wp\/v2\/product"}],"about":[{"href":"https:\/\/srab.brussels\/index.php\/wp-json\/wp\/v2\/types\/product"}],"replies":[{"embeddable":true,"href":"https:\/\/srab.brussels\/index.php\/wp-json\/wp\/v2\/comments?post=13550"}],"wp:featuredmedia":[{"embeddable":true,"href":"https:\/\/srab.brussels\/index.php\/wp-json\/wp\/v2\/media\/13545"}],"wp:attachment":[{"href":"https:\/\/srab.brussels\/index.php\/wp-json\/wp\/v2\/media?parent=13550"}],"wp:term":[{"taxonomy":"product_brand","embeddable":true,"href":"https:\/\/srab.brussels\/index.php\/wp-json\/wp\/v2\/product_brand?post=13550"},{"taxonomy":"product_cat","embeddable":true,"href":"https:\/\/srab.brussels\/index.php\/wp-json\/wp\/v2\/product_cat?post=13550"},{"taxonomy":"product_tag","embeddable":true,"href":"https:\/\/srab.brussels\/index.php\/wp-json\/wp\/v2\/product_tag?post=13550"}],"curies":[{"name":"wp","href":"https:\/\/api.w.org\/{rel}","templated":true}]}}