{"id":13514,"date":"2022-07-06T10:11:30","date_gmt":"2022-07-06T08:11:30","guid":{"rendered":"https:\/\/srab.brussels\/?post_type=product&#038;p=13514"},"modified":"2022-10-06T09:51:53","modified_gmt":"2022-10-06T07:51:53","slug":"tome-75-2018-2019","status":"publish","type":"product","link":"https:\/\/srab.brussels\/index.php\/produit\/tome-75-2018-2019\/","title":{"rendered":"Tome 75 &#8211; 2018-2019"},"content":{"rendered":"<p><strong>Annales de la Soci\u00e9t\u00e9 royale d\u2019Arch\u00e9ologie de Bruxelles\u00a0 \u2013 tome 75 \u2013 2018-2019<\/strong><\/p>\n<p>&nbsp;<\/p>\n<ul>\n<li>Michel FOURNY, <em>Les fondations de la tour de l\u2019H\u00f4tel de Ville de Bruxelles examin\u00e9es dans leur contexte stratigraphique et environnemental<\/em>, p.\u00a011-34.<\/li>\n<li>Michel FOURNY et Sophie CHALLE, <em>C\u00e9ramiques m\u00e9di\u00e9vales mises au jour sur la Grand-Place de Bruxelles<\/em>, p.\u00a035-54.<\/li>\n<li>Pierre ANAGNOSTOPOULOS, <em>Pierres taill\u00e9es et sculpt\u00e9es mises au jour dans le sondage arch\u00e9ologique<\/em>, p.\u00a055-64.<\/li>\n<li>Jean HEIM, <em>Une destination du site de la Grand-Place de Bruxelles au XIII<sup>e<\/sup> si\u00e8cle r\u00e9v\u00e9l\u00e9e par la palynologie<\/em>, p.\u00a065-74.<\/li>\n<li>Marie GRAPPASONNI, <em>Nouvelles consid\u00e9rations sur l\u2019ancien Palais Nassau \u00e0 Bruxelles<\/em>, p.\u00a075-106.<\/li>\n<li>Pedro TRASCASAS FUEYO, <em>Enqu\u00eate sur les abus et les fraudes au mont-de-pi\u00e9t\u00e9 de Bruxelles au XVIII<sup>e<\/sup> si\u00e8cle<\/em>, p.\u00a0107-126.<\/li>\n<\/ul>\n","protected":false},"excerpt":{"rendered":"<p>Annales de la Soci\u00e9t\u00e9 royale d\u2019Arch\u00e9ologie de Bruxelles\u00a0 \u2013 tome 75 \u2013 2018-2019 &nbsp; Michel FOURNY, Les fondations de la tour de l\u2019H\u00f4tel de Ville de Bruxelles examin\u00e9es dans leur contexte stratigraphique et environnemental, p.\u00a011-34. Michel FOURNY et Sophie CHALLE, C\u00e9ramiques m\u00e9di\u00e9vales mises au jour sur la Grand-Place de Bruxelles, p.\u00a035-54. Pierre ANAGNOSTOPOULOS, Pierres taill\u00e9es [&#8230;]<\/p>\n","protected":false},"featured_media":13559,"comment_status":"open","ping_status":"closed","template":"","meta":[],"product_brand":[],"product_cat":[84,86],"product_tag":[],"class_list":{"0":"post-13514","1":"product","2":"type-product","3":"status-publish","4":"has-post-thumbnail","6":"product_cat-asrab","7":"product_cat-publications","9":"first","10":"instock","11":"featured","12":"taxable","13":"shipping-taxable","14":"purchasable","15":"product-type-simple"},"jetpack_sharing_enabled":true,"_links":{"self":[{"href":"https:\/\/srab.brussels\/index.php\/wp-json\/wp\/v2\/product\/13514","targetHints":{"allow":["GET"]}}],"collection":[{"href":"https:\/\/srab.brussels\/index.php\/wp-json\/wp\/v2\/product"}],"about":[{"href":"https:\/\/srab.brussels\/index.php\/wp-json\/wp\/v2\/types\/product"}],"replies":[{"embeddable":true,"href":"https:\/\/srab.brussels\/index.php\/wp-json\/wp\/v2\/comments?post=13514"}],"wp:featuredmedia":[{"embeddable":true,"href":"https:\/\/srab.brussels\/index.php\/wp-json\/wp\/v2\/media\/13559"}],"wp:attachment":[{"href":"https:\/\/srab.brussels\/index.php\/wp-json\/wp\/v2\/media?parent=13514"}],"wp:term":[{"taxonomy":"product_brand","embeddable":true,"href":"https:\/\/srab.brussels\/index.php\/wp-json\/wp\/v2\/product_brand?post=13514"},{"taxonomy":"product_cat","embeddable":true,"href":"https:\/\/srab.brussels\/index.php\/wp-json\/wp\/v2\/product_cat?post=13514"},{"taxonomy":"product_tag","embeddable":true,"href":"https:\/\/srab.brussels\/index.php\/wp-json\/wp\/v2\/product_tag?post=13514"}],"curies":[{"name":"wp","href":"https:\/\/api.w.org\/{rel}","templated":true}]}}