{"id":13511,"date":"2022-07-06T10:03:19","date_gmt":"2022-07-06T08:03:19","guid":{"rendered":"https:\/\/srab.brussels\/?post_type=product&#038;p=13511"},"modified":"2025-10-16T22:37:50","modified_gmt":"2025-10-16T20:37:50","slug":"tome-76-2020","status":"publish","type":"product","link":"https:\/\/srab.brussels\/index.php\/produit\/tome-76-2020\/","title":{"rendered":"Tome 76 &#8211; 2020"},"content":{"rendered":"<p><strong>Annales de la Soci\u00e9t\u00e9 royale d\u2019Arch\u00e9ologie de Bruxelles\u00a0 \u2013 tome 76 \u2013 2020<\/strong><\/p>\n<ul>\n<li>Alain DIERKENS, <em>Claire Dickstein-Bernard (6 octobre 1933 \u2013 22 mai 2020). \u00c9vocation biographique , suivie de la Bibliographie de ses travaux<\/em>, p.\u00a09-30.<\/li>\n<li>David GUILARDIAN &amp; David KUSMAN, <em>De la Ville, du Social et de la Sant\u00e9 : l\u2019h\u00e9ritage scientifique de Claire Dickstein<\/em>, p.\u00a031-50.<\/li>\n<li>Alexandre DIMOV, <em>\u00c9l\u00e9ments de la technique de portraitiste de Gaspar de Crayer S\u00e9bastien Leroy<\/em>, p.\u00a051-64.<\/li>\n<li>Jean Marie PLUMER, <em>L&#8217;<\/em>Autel des reliques<em> de Sainte-Gudule \u00e0 Bruxelles, ses reliques et ses reliquaires (1652-1793)\u00a0 <\/em>, p.\u00a065-176.<\/li>\n<li>S\u00e9bastien LEROY, <em>Le personnel m\u00e9dical de la Cour de Bruxelles sous le gouvernorat de Charles de Lorraine (1741-1780)<\/em>, p. 177-212.<\/li>\n<li>Didier MARTENS, Alexandre DIMOV et No\u00e9mie PETIT,<em> Un collage n\u00e9ogothique attribuable \u00e0 Fran\u00e7ois-Joseph Coppejans (1867-1947) et l\u2019image du Christ f\u00e9minin, de sainte Lib\u00e9rata \u00e0 F\u00e9licien Rops<\/em>, p.\u00a0107-126.<\/li>\n<li>No\u00e9mie PETIT,\u00a0 La coll\u00e9giale Saints-Pierre-et-Guidon d\u2019Anderlecht \u00e0 la fin du XIX<sup>e<\/sup> si\u00e8cle : \u2018 d\u00e9-baroquisation \u2019, retables n\u00e9ogothiques et essor du culte de saint Joseph<\/li>\n<\/ul>\n","protected":false},"excerpt":{"rendered":"<p>Annales de la Soci\u00e9t\u00e9 royale d\u2019Arch\u00e9ologie de Bruxelles\u00a0 \u2013 tome 76 \u2013 2020 Alain DIERKENS, Claire Dickstein-Bernard (6 octobre 1933 \u2013 22 mai 2020). \u00c9vocation biographique , suivie de la Bibliographie de ses travaux, p.\u00a09-30. David GUILARDIAN &amp; David KUSMAN, De la Ville, du Social et de la Sant\u00e9 : l\u2019h\u00e9ritage scientifique de Claire Dickstein, [&#8230;]<\/p>\n","protected":false},"featured_media":13512,"comment_status":"open","ping_status":"closed","template":"","meta":[],"product_brand":[],"product_cat":[84],"product_tag":[],"class_list":{"0":"post-13511","1":"product","2":"type-product","3":"status-publish","4":"has-post-thumbnail","6":"product_cat-asrab","8":"first","9":"instock","10":"featured","11":"taxable","12":"shipping-taxable","13":"purchasable","14":"product-type-simple"},"jetpack_sharing_enabled":true,"_links":{"self":[{"href":"https:\/\/srab.brussels\/index.php\/wp-json\/wp\/v2\/product\/13511","targetHints":{"allow":["GET"]}}],"collection":[{"href":"https:\/\/srab.brussels\/index.php\/wp-json\/wp\/v2\/product"}],"about":[{"href":"https:\/\/srab.brussels\/index.php\/wp-json\/wp\/v2\/types\/product"}],"replies":[{"embeddable":true,"href":"https:\/\/srab.brussels\/index.php\/wp-json\/wp\/v2\/comments?post=13511"}],"wp:featuredmedia":[{"embeddable":true,"href":"https:\/\/srab.brussels\/index.php\/wp-json\/wp\/v2\/media\/13512"}],"wp:attachment":[{"href":"https:\/\/srab.brussels\/index.php\/wp-json\/wp\/v2\/media?parent=13511"}],"wp:term":[{"taxonomy":"product_brand","embeddable":true,"href":"https:\/\/srab.brussels\/index.php\/wp-json\/wp\/v2\/product_brand?post=13511"},{"taxonomy":"product_cat","embeddable":true,"href":"https:\/\/srab.brussels\/index.php\/wp-json\/wp\/v2\/product_cat?post=13511"},{"taxonomy":"product_tag","embeddable":true,"href":"https:\/\/srab.brussels\/index.php\/wp-json\/wp\/v2\/product_tag?post=13511"}],"curies":[{"name":"wp","href":"https:\/\/api.w.org\/{rel}","templated":true}]}}