{"id":13509,"date":"2022-07-06T09:36:58","date_gmt":"2022-07-06T07:36:58","guid":{"rendered":"https:\/\/srab.brussels\/?post_type=product&#038;p=13509"},"modified":"2025-11-23T13:46:57","modified_gmt":"2025-11-23T12:46:57","slug":"annales-de-la-societe-royale-darcheologie-de-bruxelles-77","status":"publish","type":"product","link":"https:\/\/srab.brussels\/index.php\/produit\/annales-de-la-societe-royale-darcheologie-de-bruxelles-77\/","title":{"rendered":"Tome 77 &#8211; 2021"},"content":{"rendered":"<p><strong>Annales de la Soci\u00e9t\u00e9 royale d&#8217;Arch\u00e9ologie de Bruxelles &#8211; Roger van der Weyden. Contexte et r\u00e9ception &#8211; tome 77 &#8211; 2021<\/strong><br \/>\nDans le cadre de la pr\u00e9paration des grandes expositions monographiques organis\u00e9es ces vingt derni\u00e8res ann\u00e9es \u00e0 Berlin, Francfort, Louvain et Madrid, l\u2019\u0153uvre autographe de Rogier van der Weyden (1399\/1400-1464) a donn\u00e9 lieu \u00e0 des investigations ambitieuses, s\u2019appuyant aussi bien sur l\u2019imagerie scientifique que sur les analyses de laboratoire. Des r\u00e9sultats nouveaux ont \u00e9merg\u00e9, \u00e9branlant maintes fois d\u2019anciennes certitudes. Cependant, le contexte historique dans lequel s\u2019est d\u00e9roul\u00e9e la carri\u00e8re de l\u2019artiste bruxellois, originaire de Tournai, demeure m\u00e9connu. Si de nombreuses pi\u00e8ces d\u2019archives ont d\u00e9j\u00e0 \u00e9t\u00e9 publi\u00e9es, il convient, \u00e0 chaque g\u00e9n\u00e9ration, de les relire, de les r\u00e9examiner \u00e0 la lumi\u00e8re des progr\u00e8s de la discipline, pour reconstituer ce contexte. Plus encore, l\u2019histoire de la r\u00e9ception dont a fait l\u2019objet la production de l\u2019artiste, aussi bien les peintures qui nous sont parvenues que celles qui ne sont connues que par des sources secondaires, est encore \u00e0 \u00e9crire, en particulier pour les Temps modernes et pour l\u2019\u00e9poque contemporaine. Cette r\u00e9ception, qui englobe aussi bien les interpr\u00e9tations \u00e9crites suscit\u00e9es par les \u0153uvres de Rogier que des copies, des paraphrases ou des adaptations peintes, constitue un champ de recherche particuli\u00e8rement riche. En le parcourant et le reparcourant, l\u2019historien d\u2019art d\u00e9couvre le potentiel esth\u00e9tique apparemment in\u00e9puisable des formules \u00e9labor\u00e9es par le ma\u00eetre, un potentiel qui n\u2019a cess\u00e9 de se d\u00e9ployer au cours du temps, jusqu\u2019\u00e0 aujourd\u2019hui.<br \/>\nC\u2019est dans la pleine conscience de l\u2019int\u00e9r\u00eat intrins\u00e8que que pr\u00e9sente, pour l\u2019\u00e9tude de Van der Weyden, la prise en compte du contexte et de la r\u00e9ception que la Soci\u00e9t\u00e9 royale d\u2019Arch\u00e9ologie de Bruxelles a d\u00e9cid\u00e9 de r\u00e9unir, sous le titre Rogier van der Weyden. Contexte et r\u00e9ception, une s\u00e9rie de neuf \u00e9tudes in\u00e9dites. Elles visent \u00e0 combler autant de lacunes dans la recherche sur cet artiste prot\u00e9iforme.<\/p>\n","protected":false},"excerpt":{"rendered":"<p>Annales de la Soci\u00e9t\u00e9 royale d&#8217;Arch\u00e9ologie de Bruxelles &#8211; Roger van der Weyden. Contexte et r\u00e9ception &#8211; tome 77 &#8211; 2021 Dans le cadre de la pr\u00e9paration des grandes expositions monographiques organis\u00e9es ces vingt derni\u00e8res ann\u00e9es \u00e0 Berlin, Francfort, Louvain et Madrid, l\u2019\u0153uvre autographe de Rogier van der Weyden (1399\/1400-1464) a donn\u00e9 lieu \u00e0 des [&#8230;]<\/p>\n","protected":false},"featured_media":13408,"comment_status":"open","ping_status":"closed","template":"","meta":[],"product_brand":[],"product_cat":[84],"product_tag":[],"class_list":{"0":"post-13509","1":"product","2":"type-product","3":"status-publish","4":"has-post-thumbnail","6":"product_cat-asrab","8":"first","9":"instock","10":"featured","11":"taxable","12":"shipping-taxable","13":"purchasable","14":"product-type-simple"},"jetpack_sharing_enabled":true,"_links":{"self":[{"href":"https:\/\/srab.brussels\/index.php\/wp-json\/wp\/v2\/product\/13509","targetHints":{"allow":["GET"]}}],"collection":[{"href":"https:\/\/srab.brussels\/index.php\/wp-json\/wp\/v2\/product"}],"about":[{"href":"https:\/\/srab.brussels\/index.php\/wp-json\/wp\/v2\/types\/product"}],"replies":[{"embeddable":true,"href":"https:\/\/srab.brussels\/index.php\/wp-json\/wp\/v2\/comments?post=13509"}],"wp:featuredmedia":[{"embeddable":true,"href":"https:\/\/srab.brussels\/index.php\/wp-json\/wp\/v2\/media\/13408"}],"wp:attachment":[{"href":"https:\/\/srab.brussels\/index.php\/wp-json\/wp\/v2\/media?parent=13509"}],"wp:term":[{"taxonomy":"product_brand","embeddable":true,"href":"https:\/\/srab.brussels\/index.php\/wp-json\/wp\/v2\/product_brand?post=13509"},{"taxonomy":"product_cat","embeddable":true,"href":"https:\/\/srab.brussels\/index.php\/wp-json\/wp\/v2\/product_cat?post=13509"},{"taxonomy":"product_tag","embeddable":true,"href":"https:\/\/srab.brussels\/index.php\/wp-json\/wp\/v2\/product_tag?post=13509"}],"curies":[{"name":"wp","href":"https:\/\/api.w.org\/{rel}","templated":true}]}}