{"id":13381,"date":"2021-12-10T11:58:23","date_gmt":"2021-12-10T10:58:23","guid":{"rendered":"https:\/\/www.srab.be\/wordpress\/?page_id=13381"},"modified":"2021-12-10T11:58:23","modified_gmt":"2021-12-10T10:58:23","slug":"collaborations","status":"publish","type":"page","link":"https:\/\/srab.brussels\/index.php\/collaborations\/","title":{"rendered":"Collaborations"},"content":{"rendered":"<p>&nbsp;<\/p>\n<div class=\"vlp-link-container vlp-template-default \">\n\t<a href=\"https:\/\/www.acad.be\/fr\" class=\"vlp-link\" title=\"L\u2019Acad\u00e9mie royale d\u2019Arch\u00e9ologie de Belgique | ACAD\" rel=\"nofollow\" target=\"_blank\"><\/a>\t\t<div class=\"vlp-link-text-container\">\n\t\t\t\t<div class=\"vlp-link-title\">\n\t\t\tL\u2019Acad\u00e9mie royale d\u2019Arch\u00e9ologie de Belgique | ACAD\t\t<\/div>\n\t\t\t\t\t\t<div class=\"vlp-link-summary\">\n\t\t\tL\u2019Acad\u00e9mie Royale d\u2019Arch\u00e9ologie de Belgique\u00a0a pour objet de favoriser le d\u00e9veloppement en Belgique des \u00e9tudes d\u2019arch\u00e9ologie et d\u2019histoire de l\u2019art, ainsi que des disciplines scientifiques associ\u00e9es \u00e0 ces mati\u00e8res.\t\t<\/div>\n\t\t\t<\/div>\n<\/div>\n\n<div class=\"vlp-link-container vlp-template-default \">\n\t<a href=\"https:\/\/www.academiabelgica.it\/index.php?lang=fr\" class=\"vlp-link\" title=\"L\u2019Academia Belgica, Centre pour l&#039;Histoire, les Arts et les Sciences \u00e0 Rome\" rel=\"nofollow\" target=\"_blank\"><\/a>\t\t<div class=\"vlp-link-text-container\">\n\t\t\t\t<div class=\"vlp-link-title\">\n\t\t\tL\u2019Academia Belgica, Centre pour l'Histoire, les Arts et les Sciences \u00e0 Rome\t\t<\/div>\n\t\t\t\t\t\t<div class=\"vlp-link-summary\">\n\t\t\tfondation d\u2019utilit\u00e9 publique qui accueille en r\u00e9sidence \u00e0 Rome des chercheur.se.s et des artistes belges venu.e.s poursuivre leurs travaux en Italie, et y organise des activit\u00e9s scientifiques et culturelles de port\u00e9e internationale. Elle constitue aujourd\u2019hui un espace unique de recherche, de cr\u00e9ation, de collaboration et de promotion en plein c\u0153ur de la Ville \u00c9ternelle.\t\t<\/div>\n\t\t\t<\/div>\n<\/div>\n\n<div class=\"vlp-link-container vlp-template-default \">\n\t<a href=\"http:\/\/www.archeologia.be\/\" class=\"vlp-link\" title=\"Archeologia.be\" rel=\"nofollow\" target=\"_blank\"><\/a>\t\t<div class=\"vlp-link-text-container\">\n\t\t\t\t<div class=\"vlp-link-title\">\n\t\t\tArcheologia.be\t\t<\/div>\n\t\t\t\t\t\t<div class=\"vlp-link-summary\">\n\t\t\t L\u2019actualit\u00e9 de l\u2019arch\u00e9ologie et du patrimoine culturel \t\t<\/div>\n\t\t\t<\/div>\n<\/div>\n\n<div class=\"vlp-link-container vlp-template-default \">\n\t<a href=\"https:\/\/www.bruxelles.be\/archives\" class=\"vlp-link\" title=\"Les Archives de la Ville de Bruxelles\" rel=\"nofollow\" target=\"_blank\"><\/a>\t\t<div class=\"vlp-link-text-container\">\n\t\t\t\t<div class=\"vlp-link-title\">\n\t\t\tLes Archives de la Ville de Bruxelles\t\t<\/div>\n\t\t\t\t\t\t<div class=\"vlp-link-summary\">\n\t\t\tLes Archives de la Ville de Bruxelles ont pour principale mission la sauvegarde des documents produits par l\u2019administration communale depuis le Moyen \u00c2ge jusqu\u2019\u00e0 nos jours, quel qu\u2019en soit le support (parchemin, papier, photographies, support \u00e9lectronique,\u2026). Le service r\u00e9colte et conserve \u00e9galement\u2026\t\t<\/div>\n\t\t\t<\/div>\n<\/div>\n\n<div class=\"vlp-link-container vlp-template-default \">\n\t<a href=\"http:\/\/cpas-ocmwmuseum.be\/fr\/\" class=\"vlp-link\" title=\"Archives &amp; Mus\u00e9e du CPAS de Bruxelles\" rel=\"nofollow\" target=\"_blank\"><\/a>\t\t<div class=\"vlp-link-text-container\">\n\t\t\t\t<div class=\"vlp-link-title\">\n\t\t\tArchives &amp; Mus\u00e9e du CPAS de Bruxelles\t\t<\/div>\n\t\t\t\t\t\t<div class=\"vlp-link-summary\">\n\t\t\tLes Archives, les Biblioth\u00e8ques et le Mus\u00e9e du Centre Public d\u2019Action Sociale de Bruxelles conservent et valorisent les documents et le patrimoine provenant des institutions d\u2019assistance sur le territoire de la Ville, du Moyen \u00c2ge \u00e0 nos jours.\t\t<\/div>\n\t\t\t<\/div>\n<\/div>\n\n<div class=\"vlp-link-container vlp-template-default \">\n\t<a href=\"https:\/\/coudenberg.brussels\/fr\" class=\"vlp-link\" title=\"Coudenberg\" rel=\"nofollow\" target=\"_blank\"><\/a>\t\t<div class=\"vlp-link-text-container\">\n\t\t\t\t<div class=\"vlp-link-title\">\n\t\t\tCoudenberg\t\t<\/div>\n\t\t\t\t\t\t<div class=\"vlp-link-summary\">\n\t\t\tL\u2019 a.s.b.l. Palais de Charles Quint \/ Coudenberg \u2013 Ancien palais de Bruxelles\t\t<\/div>\n\t\t\t<\/div>\n<\/div>\n\n<div class=\"vlp-link-container vlp-template-default \">\n\t<a href=\"http:\/\/www.ecrivainsbelges.be\/\" class=\"vlp-link\" title=\"Ecrivains Belges\" rel=\"nofollow\" target=\"_blank\"><\/a>\t\t<div class=\"vlp-link-text-container\">\n\t\t\t\t<div class=\"vlp-link-title\">\n\t\t\tEcrivains Belges\t\t<\/div>\n\t\t\t\t\t\t<div class=\"vlp-link-summary\">\n\t\t\tAssociation des \u00e9crivains belges de langue fran\u00e7aise\t\t<\/div>\n\t\t\t<\/div>\n<\/div>\n\n<div class=\"vlp-link-container vlp-template-default \">\n\t<a href=\"http:\/\/www.associationdupatrimoineartistique.be\/actualites\" class=\"vlp-link\" title=\"APA - Association du Patrimoine Artistique\" rel=\"nofollow\" target=\"_blank\"><\/a>\t\t<div class=\"vlp-link-text-container\">\n\t\t\t\t<div class=\"vlp-link-title\">\n\t\t\tAPA - Association du Patrimoine Artistique\t\t<\/div>\n\t\t\t\t\t\t<div class=\"vlp-link-summary\">\n\t\t\tFond\u00e9e en 1979, l\u2019Association s\u2019est donn\u00e9 pour mission de promouvoir la protection, la restauration et la mise en valeur du patrimoine artistique en Belgique, c\u2019est-\u00e0-dire dans ses trois r\u00e9gions, Bruxelles, la Flandre et la Wallonie.\t\t<\/div>\n\t\t\t<\/div>\n<\/div>\n\n<div class=\"vlp-link-container vlp-template-default \">\n\t<a href=\"https:\/\/www.kbr.be\/fr\/\" class=\"vlp-link\" title=\"KBR - La Biblioth\u00e8que royale de Belgique\" rel=\"nofollow\" target=\"_blank\"><\/a>\t\t<div class=\"vlp-link-text-container\">\n\t\t\t\t<div class=\"vlp-link-title\">\n\t\t\tKBR - La Biblioth\u00e8que royale de Belgique\t\t<\/div>\n\t\t\t\t\t\t<div class=\"vlp-link-summary\">\n\t\t\tEn tant que biblioth\u00e8que scientifique nationale, KBR rassemble toutes les publications belges.\t\t<\/div>\n\t\t\t<\/div>\n<\/div>\n\n<div class=\"vlp-link-container vlp-template-default \">\n\t<a href=\"https:\/\/www.cairn.info\/revue-cahiers-bruxellois.htm?contenu=apropos\" class=\"vlp-link\" title=\"Les Cahiers Bruxellois - cairn\" rel=\"nofollow\" target=\"_blank\"><\/a>\t\t<div class=\"vlp-link-text-container\">\n\t\t\t\t<div class=\"vlp-link-title\">\n\t\t\tLes Cahiers Bruxellois - cairn\t\t<\/div>\n\t\t\t\t\t<\/div>\n<\/div>\n\n<div class=\"vlp-link-container vlp-template-default \">\n\t<a href=\"https:\/\/archives.bruxelles.be\/cahiers-bruxellois\" class=\"vlp-link\" title=\"Les Cahiers Bruxellois\" rel=\"nofollow\" target=\"_blank\"><\/a>\t\t<div class=\"vlp-link-text-container\">\n\t\t\t\t<div class=\"vlp-link-title\">\n\t\t\tLes Cahiers Bruxellois\t\t<\/div>\n\t\t\t\t\t\t<div class=\"vlp-link-summary\">\n\t\t\tLa revue scientifique 'Cahiers Bruxellois' contribue \u00e0 la promotion et \u00e0 la diffusion des \u00e9tudes sur l\u2019histoire de Bruxelles et sur l\u2019histoire urbaine en g\u00e9n\u00e9ral, toutes p\u00e9riodes confondues.\t\t<\/div>\n\t\t\t<\/div>\n<\/div>\n\n<div class=\"vlp-link-container vlp-template-default \">\n\t<a href=\"https:\/\/gob.be\/\" class=\"vlp-link\" title=\"GOB\" rel=\"nofollow\" target=\"_blank\"><\/a>\t\t<div class=\"vlp-link-text-container\">\n\t\t\t\t<div class=\"vlp-link-title\">\n\t\t\tGOB\t\t<\/div>\n\t\t\t\t\t\t<div class=\"vlp-link-summary\">\n\t\t\tLe CEDOM (Centre d'\u00e9tudes et de documentation ma\u00e7onniques du Grand Orient de Belgique) \t\t<\/div>\n\t\t\t<\/div>\n<\/div>\n\n<div class=\"vlp-link-container vlp-template-default \">\n\t<a href=\"https:\/\/www.acqu.be\/-Cercle-d-Histoire-d-Archeologie-et-\" class=\"vlp-link\" title=\"ACQU - Association de Comit\u00e9s de Quartier Ucclois -\" rel=\"nofollow\" target=\"_blank\"><\/a>\t\t<div class=\"vlp-link-text-container\">\n\t\t\t\t<div class=\"vlp-link-title\">\n\t\t\tACQU - Association de Comit\u00e9s de Quartier Ucclois -\t\t<\/div>\n\t\t\t\t\t\t<div class=\"vlp-link-summary\">\n\t\t\tLe Cercle d\u2019Histoire, d\u2019arch\u00e9ologie et de Folklore d\u2019Uccle et environs ( a.s.b.l.)\t\t<\/div>\n\t\t\t<\/div>\n<\/div>\n\n<div class=\"vlp-link-container vlp-template-default \">\n\t<a href=\"https:\/\/www.cehibrux.be\/\" class=\"vlp-link\" title=\"Cercle d\u2019Histoire de Bruxelles.\" rel=\"nofollow\" target=\"_blank\"><\/a>\t\t<div class=\"vlp-link-text-container\">\n\t\t\t\t<div class=\"vlp-link-title\">\n\t\t\tCercle d\u2019Histoire de Bruxelles.\t\t<\/div>\n\t\t\t\t\t\t<div class=\"vlp-link-summary\">\n\t\t\tLe Cercle d'Histoire de Bruxelles est une association ayant pour objet d'\u00e9tudier et de faire conna\u00eetre le pass\u00e9 historique, folklorique culturel et linguistique du territoire bruxellois, de publier des documents relatifs \u00e0 ce pass\u00e9 et d\u2019en sauvegarder tout objet repr\u00e9sentatif.\t\t<\/div>\n\t\t\t<\/div>\n<\/div>\n\n<div class=\"vlp-link-container vlp-template-default \">\n\t<a href=\"http:\/\/www.crmsf.be\/fr\/\" class=\"vlp-link\" title=\"Commission royale des Monuments, Sites et Fouilles (CRMSF)\" rel=\"nofollow\" target=\"_blank\"><\/a>\t\t<div class=\"vlp-link-text-container\">\n\t\t\t\t<div class=\"vlp-link-title\">\n\t\t\tCommission royale des Monuments, Sites et Fouilles (CRMSF)\t\t<\/div>\n\t\t\t\t\t\t<div class=\"vlp-link-summary\">\n\t\t\tUne assembl\u00e9e de sp\u00e9cialistes au service du Patrimoine\t\t<\/div>\n\t\t\t<\/div>\n<\/div>\n\n<div class=\"vlp-link-container vlp-template-default \">\n\t<a href=\"https:\/\/conservart.be\/\" class=\"vlp-link\" title=\"Conservart\" rel=\"nofollow\" target=\"_blank\"><\/a>\t\t<div class=\"vlp-link-text-container\">\n\t\t\t\t<div class=\"vlp-link-title\">\n\t\t\tConservart\t\t<\/div>\n\t\t\t\t\t\t<div class=\"vlp-link-summary\">\n\t\t\tLES ATELIERS CONSERVART Nous sommes actifs dans deux secteurs compl\u00e9mentaires et indissociables : \u2043 La conservation, c\u2019est-\u00e0-dire un conseil en mati\u00e8re de conservation pr\u00e9ventive, de pr\u00e9sentation, de mise en valeur et de stockage, mais aussi l\u2019inventaire et l\u2019\u00e9tude des collections publiques et priv\u00e9\u2026\t\t<\/div>\n\t\t\t<\/div>\n<\/div>\n\n<div class=\"vlp-link-container vlp-template-default \">\n\t<a href=\"http:\/\/patrimoine.brussels\/decouvrir\/publications\/circuits\" class=\"vlp-link\" title=\"Circuits \u2014 Patrimoine - Erfgoed\" rel=\"nofollow\" target=\"_blank\"><\/a>\t\t<div class=\"vlp-link-text-container\">\n\t\t\t\t<div class=\"vlp-link-title\">\n\t\t\tCircuits \u2014 Patrimoine - Erfgoed\t\t<\/div>\n\t\t\t\t\t\t<div class=\"vlp-link-summary\">\n\t\t\tLa Direction du Patrimoine culturel \u00e9dite de nombreuses publications qui proposent des circuits pour d\u00e9couvrir les tr\u00e9sors de la R\u00e9gion de Bruxelles-Capitale.\t\t<\/div>\n\t\t\t<\/div>\n<\/div>\n\n<div class=\"vlp-link-container vlp-template-default \">\n\t<a href=\"https:\/\/phisoc.ulb.be\/fr\/la-faculte\/departement-d-histoire-arts-et-archeologie\" class=\"vlp-link\" title=\"Facult\u00e9 de Philosophie et Sciences sociales\" rel=\"nofollow\" target=\"_blank\"><\/a>\t\t<div class=\"vlp-link-text-container\">\n\t\t\t\t<div class=\"vlp-link-title\">\n\t\t\tFacult\u00e9 de Philosophie et Sciences sociales\t\t<\/div>\n\t\t\t\t\t\t<div class=\"vlp-link-summary\">\n\t\t\tD\u00e9partement d'Histoire, Arts et Arch\u00e9ologie\t\t<\/div>\n\t\t\t<\/div>\n<\/div>\n\n<div class=\"vlp-link-container vlp-template-default \">\n\t<a href=\"http:\/\/www.egliseettourismebruxelles.be\/\" class=\"vlp-link\" title=\"egliseettourismebruxelles.be\" rel=\"nofollow\" target=\"_blank\"><\/a>\t\t<div class=\"vlp-link-text-container\">\n\t\t\t\t<div class=\"vlp-link-title\">\n\t\t\tegliseettourismebruxelles.be\t\t<\/div>\n\t\t\t\t\t\t<div class=\"vlp-link-summary\">\n\t\t\tDepuis de nombreuses ann\u00e9es, notre association, Eglise et Tourisme Bruxelles, s\u2019emploie, avec son \u00e9quipe de guides exp\u00e9riment\u00e9s et dans une perspective artistique et religieuse, \u00e0 vous proposer des visites guid\u00e9es gratuites des \u00e9glises de Bruxelles.\t\t<\/div>\n\t\t\t<\/div>\n<\/div>\n\n<div class=\"vlp-link-container vlp-template-default \">\n\t<a href=\"https:\/\/www2.ulb.ac.be\/enseignements\/iheb\/index.html\" class=\"vlp-link\" title=\"Universit\u00e9 Libre de Bruxelles - page 1\/1\" rel=\"nofollow\" target=\"_blank\"><\/a>\t\t<div class=\"vlp-link-text-container\">\n\t\t\t\t<div class=\"vlp-link-title\">\n\t\t\tUniversit\u00e9 Libre de Bruxelles - page 1\/1\t\t<\/div>\n\t\t\t\t\t\t<div class=\"vlp-link-summary\">\n\t\t\tInstitut des Hautes \u00c9tudes de Belgique\t\t<\/div>\n\t\t\t<\/div>\n<\/div>\n\n<div class=\"vlp-link-container vlp-template-default \">\n\t<a href=\"https:\/\/www.kikirpa.be\/fr\" class=\"vlp-link\" title=\"L\u2019art du patrimoine | KIK-IRPA\" rel=\"nofollow\" target=\"_blank\"><\/a>\t\t<div class=\"vlp-link-text-container\">\n\t\t\t\t<div class=\"vlp-link-title\">\n\t\t\tL\u2019art du patrimoine | KIK-IRPA\t\t<\/div>\n\t\t\t\t\t\t<div class=\"vlp-link-summary\">\n\t\t\tL\u2019IRPA est l\u2019institution scientifique f\u00e9d\u00e9rale qui inventorie, \u00e9tudie et pr\u00e9serve le patrimoine culturel et artistique de la Belgique pour les g\u00e9n\u00e9rations futures.\t\t<\/div>\n\t\t\t<\/div>\n<\/div>\n\n<div class=\"vlp-link-container vlp-template-default \">\n\t<a href=\"https:\/\/koregos.org\/\" class=\"vlp-link\" title=\"Koregos\" rel=\"nofollow\" target=\"_blank\"><\/a>\t\t<div class=\"vlp-link-text-container\">\n\t\t\t\t<div class=\"vlp-link-title\">\n\t\t\tKoregos\t\t<\/div>\n\t\t\t\t\t\t<div class=\"vlp-link-summary\">\n\t\t\tKoregos revue et encyclop\u00e9die multim\u00e9dia des arts\t\t<\/div>\n\t\t\t<\/div>\n<\/div>\n\n<div class=\"vlp-link-container vlp-template-default \">\n\t<a href=\"https:\/\/www.brusselscitymuseum.brussels\/fr\/\" class=\"vlp-link\" title=\"\" rel=\"nofollow\" target=\"_blank\"><\/a>\t\t<div class=\"vlp-link-text-container\">\n\t\t\t\t\t\t<div class=\"vlp-link-summary\">\n\t\t\tLes mus\u00e9es de la Ville de Bruxelles\t\t<\/div>\n\t\t\t<\/div>\n<\/div>\n\n<div class=\"vlp-link-container vlp-template-default \">\n\t<a href=\"https:\/\/www.wallonie.be\/fr\/vivre-en-wallonie\/habitat-et-energie\" class=\"vlp-link\" title=\"Le Service Public de Wallonie\" rel=\"nofollow\" target=\"_blank\"><\/a>\t\t<div class=\"vlp-link-text-container\">\n\t\t\t\t<div class=\"vlp-link-title\">\n\t\t\tLe Service Public de Wallonie\t\t<\/div>\n\t\t\t\t\t<\/div>\n<\/div>\n\n<div class=\"vlp-link-container vlp-template-default \">\n\t<a href=\"https:\/\/be.brussels\/\" class=\"vlp-link\" title=\"R\u00e9gion de Bruxelles-Capitale \u2014 R\u00e9gion bruxelloise - Brussels Gewest\" rel=\"nofollow\" target=\"_blank\"><\/a>\t\t<div class=\"vlp-link-text-container\">\n\t\t\t\t<div class=\"vlp-link-title\">\n\t\t\tR\u00e9gion de Bruxelles-Capitale \u2014 R\u00e9gion bruxelloise - Brussels Gewest\t\t<\/div>\n\t\t\t\t\t\t<div class=\"vlp-link-summary\">\n\t\t\tLe portail de la R\u00e9gion de Bruxelles-Capitale est un important vecteur d\u2019informations pour le citoyen bruxellois, le chef d\u2019entreprise et le touriste belge ou \u00e9tranger.\t\t<\/div>\n\t\t\t<\/div>\n<\/div>\n\n<div class=\"vlp-link-container vlp-template-default \">\n\t<a href=\"https:\/\/sociamm.centresphisoc.ulb.be\/\" class=\"vlp-link\" title=\"sociAMM |\" rel=\"nofollow\" target=\"_blank\"><\/a>\t\t<div class=\"vlp-link-text-container\">\n\t\t\t\t<div class=\"vlp-link-title\">\n\t\t\tsociAMM |\t\t<\/div>\n\t\t\t\t\t\t<div class=\"vlp-link-summary\">\n\t\t\thistoire, arts, cultures des SOCI\u00e9t\u00e9s Anciennes, M\u00e9di\u00e9vales et Modernes\t\t<\/div>\n\t\t\t<\/div>\n<\/div>\n\n","protected":false},"excerpt":{"rendered":"<p>&nbsp;<\/p>\n","protected":false},"author":1,"featured_media":0,"parent":0,"menu_order":0,"comment_status":"closed","ping_status":"closed","template":"","meta":{"footnotes":""},"class_list":["post-13381","page","type-page","status-publish","hentry"],"jetpack_sharing_enabled":true,"_links":{"self":[{"href":"https:\/\/srab.brussels\/index.php\/wp-json\/wp\/v2\/pages\/13381","targetHints":{"allow":["GET"]}}],"collection":[{"href":"https:\/\/srab.brussels\/index.php\/wp-json\/wp\/v2\/pages"}],"about":[{"href":"https:\/\/srab.brussels\/index.php\/wp-json\/wp\/v2\/types\/page"}],"author":[{"embeddable":true,"href":"https:\/\/srab.brussels\/index.php\/wp-json\/wp\/v2\/users\/1"}],"replies":[{"embeddable":true,"href":"https:\/\/srab.brussels\/index.php\/wp-json\/wp\/v2\/comments?post=13381"}],"version-history":[{"count":0,"href":"https:\/\/srab.brussels\/index.php\/wp-json\/wp\/v2\/pages\/13381\/revisions"}],"wp:attachment":[{"href":"https:\/\/srab.brussels\/index.php\/wp-json\/wp\/v2\/media?parent=13381"}],"curies":[{"name":"wp","href":"https:\/\/api.w.org\/{rel}","templated":true}]}}