{"id":5343,"date":"2025-04-15T22:30:21","date_gmt":"2025-04-15T20:30:21","guid":{"rendered":"https:\/\/srab.brussels\/acfhab\/?page_id=5343"},"modified":"2025-04-15T22:31:54","modified_gmt":"2025-04-15T20:31:54","slug":"les-cercles-et-societes","status":"publish","type":"page","link":"https:\/\/srab.brussels\/acfhab\/?page_id=5343","title":{"rendered":"Les cercles et soci\u00e9t\u00e9s"},"content":{"rendered":"<p>Les cercles et soci\u00e9t\u00e9s d\u2019histoire et d\u2019arch\u00e9ologie en F\u00e9d\u00e9ration Wallonie-Bruxelles (et en Communaut\u00e9 germanophone)<\/p>\n<p>Liste des cercles et soci\u00e9t\u00e9s (d\u00e9nomination uniquement)<br \/>\nPlus d\u2019informations sur ces cercles et soci\u00e9t\u00e9s ?<br \/>\n(liste des cercles et soci\u00e9t\u00e9s avec leur nom, adresse postale, adresse<br \/>\nmail, n\u00b0 fixe, n\u00b0 GSM, site internet, etc.) \u2013 acc\u00e8s s\u00e9curis\u00e9 par identifiant<br \/>\net mot de passe, r\u00e9serv\u00e9 aux seuls membres\u00a0?)<\/p>\n","protected":false},"excerpt":{"rendered":"<p>Les cercles et soci\u00e9t\u00e9s d\u2019histoire et d\u2019arch\u00e9ologie en F\u00e9d\u00e9ration Wallonie-Bruxelles (et en Communaut\u00e9 germanophone) Liste des cercles et soci\u00e9t\u00e9s (d\u00e9nomination uniquement) Plus d\u2019informations sur ces cercles et soci\u00e9t\u00e9s ? (liste des cercles et soci\u00e9t\u00e9s avec leur nom, adresse postale, adresse mail, n\u00b0 fixe, n\u00b0 GSM, site internet, etc.) \u2013 acc\u00e8s s\u00e9curis\u00e9 par identifiant et mot<\/p>\n","protected":false},"author":1,"featured_media":0,"parent":0,"menu_order":0,"comment_status":"closed","ping_status":"closed","template":"","meta":{"footnotes":""},"class_list":["post-5343","page","type-page","status-publish","hentry"],"_links":{"self":[{"href":"https:\/\/srab.brussels\/acfhab\/index.php?rest_route=\/wp\/v2\/pages\/5343","targetHints":{"allow":["GET"]}}],"collection":[{"href":"https:\/\/srab.brussels\/acfhab\/index.php?rest_route=\/wp\/v2\/pages"}],"about":[{"href":"https:\/\/srab.brussels\/acfhab\/index.php?rest_route=\/wp\/v2\/types\/page"}],"author":[{"embeddable":true,"href":"https:\/\/srab.brussels\/acfhab\/index.php?rest_route=\/wp\/v2\/users\/1"}],"replies":[{"embeddable":true,"href":"https:\/\/srab.brussels\/acfhab\/index.php?rest_route=%2Fwp%2Fv2%2Fcomments&post=5343"}],"version-history":[{"count":3,"href":"https:\/\/srab.brussels\/acfhab\/index.php?rest_route=\/wp\/v2\/pages\/5343\/revisions"}],"predecessor-version":[{"id":5347,"href":"https:\/\/srab.brussels\/acfhab\/index.php?rest_route=\/wp\/v2\/pages\/5343\/revisions\/5347"}],"wp:attachment":[{"href":"https:\/\/srab.brussels\/acfhab\/index.php?rest_route=%2Fwp%2Fv2%2Fmedia&parent=5343"}],"curies":[{"name":"wp","href":"https:\/\/api.w.org\/{rel}","templated":true}]}}