{"id":5338,"date":"2025-04-15T22:27:51","date_gmt":"2025-04-15T20:27:51","guid":{"rendered":"https:\/\/srab.brussels\/acfhab\/?page_id=5338"},"modified":"2025-04-15T22:27:51","modified_gmt":"2025-04-15T20:27:51","slug":"formations-passees","status":"publish","type":"page","link":"https:\/\/srab.brussels\/acfhab\/?page_id=5338","title":{"rendered":"Formations pass\u00e9es"},"content":{"rendered":"<p>Pr\u00e9sentations<br \/>\nComment obtenir la documentation des formations pass\u00e9es ?<br \/>\n(proc\u00e9dure \u00e0 suivre\u00a0: par envoi d\u2019un mail de commande de la documentation d\u2019une ou de<br \/>\nplusieurs formations)<\/p>\n","protected":false},"excerpt":{"rendered":"<p>Pr\u00e9sentations Comment obtenir la documentation des formations pass\u00e9es ? (proc\u00e9dure \u00e0 suivre\u00a0: par envoi d\u2019un mail de commande de la documentation d\u2019une ou de plusieurs formations)<\/p>\n","protected":false},"author":1,"featured_media":0,"parent":0,"menu_order":0,"comment_status":"closed","ping_status":"closed","template":"","meta":{"footnotes":""},"class_list":["post-5338","page","type-page","status-publish","hentry"],"_links":{"self":[{"href":"https:\/\/srab.brussels\/acfhab\/index.php?rest_route=\/wp\/v2\/pages\/5338","targetHints":{"allow":["GET"]}}],"collection":[{"href":"https:\/\/srab.brussels\/acfhab\/index.php?rest_route=\/wp\/v2\/pages"}],"about":[{"href":"https:\/\/srab.brussels\/acfhab\/index.php?rest_route=\/wp\/v2\/types\/page"}],"author":[{"embeddable":true,"href":"https:\/\/srab.brussels\/acfhab\/index.php?rest_route=\/wp\/v2\/users\/1"}],"replies":[{"embeddable":true,"href":"https:\/\/srab.brussels\/acfhab\/index.php?rest_route=%2Fwp%2Fv2%2Fcomments&post=5338"}],"version-history":[{"count":1,"href":"https:\/\/srab.brussels\/acfhab\/index.php?rest_route=\/wp\/v2\/pages\/5338\/revisions"}],"predecessor-version":[{"id":5339,"href":"https:\/\/srab.brussels\/acfhab\/index.php?rest_route=\/wp\/v2\/pages\/5338\/revisions\/5339"}],"wp:attachment":[{"href":"https:\/\/srab.brussels\/acfhab\/index.php?rest_route=%2Fwp%2Fv2%2Fmedia&parent=5338"}],"curies":[{"name":"wp","href":"https:\/\/api.w.org\/{rel}","templated":true}]}}