{"id":5324,"date":"2025-04-15T22:21:23","date_gmt":"2025-04-15T20:21:23","guid":{"rendered":"https:\/\/srab.brussels\/acfhab\/?page_id=5324"},"modified":"2025-04-15T22:21:23","modified_gmt":"2025-04-15T20:21:23","slug":"les-publications-des-journees-detude","status":"publish","type":"page","link":"https:\/\/srab.brussels\/acfhab\/?page_id=5324","title":{"rendered":"Les publications des Journ\u00e9es d\u2019\u00e9tude"},"content":{"rendered":"<p>Comment acqu\u00e9rir les publications des Journ\u00e9es d\u2019\u00e9tude pass\u00e9es ?<br \/>\n(proc\u00e9dure \u00e0 suivre\u00a0: par envoi d\u2019un mail de commande d\u2019une ou de plusieurs publications)<\/p>\n","protected":false},"excerpt":{"rendered":"<p>Comment acqu\u00e9rir les publications des Journ\u00e9es d\u2019\u00e9tude pass\u00e9es ? (proc\u00e9dure \u00e0 suivre\u00a0: par envoi d\u2019un mail de commande d\u2019une ou de plusieurs publications)<\/p>\n","protected":false},"author":1,"featured_media":0,"parent":0,"menu_order":0,"comment_status":"closed","ping_status":"closed","template":"","meta":{"footnotes":""},"class_list":["post-5324","page","type-page","status-publish","hentry"],"_links":{"self":[{"href":"https:\/\/srab.brussels\/acfhab\/index.php?rest_route=\/wp\/v2\/pages\/5324","targetHints":{"allow":["GET"]}}],"collection":[{"href":"https:\/\/srab.brussels\/acfhab\/index.php?rest_route=\/wp\/v2\/pages"}],"about":[{"href":"https:\/\/srab.brussels\/acfhab\/index.php?rest_route=\/wp\/v2\/types\/page"}],"author":[{"embeddable":true,"href":"https:\/\/srab.brussels\/acfhab\/index.php?rest_route=\/wp\/v2\/users\/1"}],"replies":[{"embeddable":true,"href":"https:\/\/srab.brussels\/acfhab\/index.php?rest_route=%2Fwp%2Fv2%2Fcomments&post=5324"}],"version-history":[{"count":1,"href":"https:\/\/srab.brussels\/acfhab\/index.php?rest_route=\/wp\/v2\/pages\/5324\/revisions"}],"predecessor-version":[{"id":5325,"href":"https:\/\/srab.brussels\/acfhab\/index.php?rest_route=\/wp\/v2\/pages\/5324\/revisions\/5325"}],"wp:attachment":[{"href":"https:\/\/srab.brussels\/acfhab\/index.php?rest_route=%2Fwp%2Fv2%2Fmedia&parent=5324"}],"curies":[{"name":"wp","href":"https:\/\/api.w.org\/{rel}","templated":true}]}}