{"id":5286,"date":"2025-04-15T21:58:21","date_gmt":"2025-04-15T19:58:21","guid":{"rendered":"https:\/\/srab.brussels\/acfhab\/?page_id=5286"},"modified":"2026-02-05T15:23:37","modified_gmt":"2026-02-05T14:23:37","slug":"resumes-des-communications-proposees","status":"publish","type":"page","link":"https:\/\/srab.brussels\/acfhab\/?page_id=5286","title":{"rendered":"R\u00e9sum\u00e9s des communications propos\u00e9es"},"content":{"rendered":"<p>texte \u00e0 venir nombres de caract\u00e8re pour le r\u00e9sum\u00e9<\/p>\n","protected":false},"excerpt":{"rendered":"<p>texte \u00e0 venir nombres de caract\u00e8re pour le r\u00e9sum\u00e9<\/p>\n","protected":false},"author":1,"featured_media":0,"parent":0,"menu_order":0,"comment_status":"closed","ping_status":"closed","template":"","meta":{"footnotes":""},"class_list":["post-5286","page","type-page","status-publish","hentry"],"_links":{"self":[{"href":"https:\/\/srab.brussels\/acfhab\/index.php?rest_route=\/wp\/v2\/pages\/5286","targetHints":{"allow":["GET"]}}],"collection":[{"href":"https:\/\/srab.brussels\/acfhab\/index.php?rest_route=\/wp\/v2\/pages"}],"about":[{"href":"https:\/\/srab.brussels\/acfhab\/index.php?rest_route=\/wp\/v2\/types\/page"}],"author":[{"embeddable":true,"href":"https:\/\/srab.brussels\/acfhab\/index.php?rest_route=\/wp\/v2\/users\/1"}],"replies":[{"embeddable":true,"href":"https:\/\/srab.brussels\/acfhab\/index.php?rest_route=%2Fwp%2Fv2%2Fcomments&post=5286"}],"version-history":[{"count":2,"href":"https:\/\/srab.brussels\/acfhab\/index.php?rest_route=\/wp\/v2\/pages\/5286\/revisions"}],"predecessor-version":[{"id":5536,"href":"https:\/\/srab.brussels\/acfhab\/index.php?rest_route=\/wp\/v2\/pages\/5286\/revisions\/5536"}],"wp:attachment":[{"href":"https:\/\/srab.brussels\/acfhab\/index.php?rest_route=%2Fwp%2Fv2%2Fmedia&parent=5286"}],"curies":[{"name":"wp","href":"https:\/\/api.w.org\/{rel}","templated":true}]}}